{"id":10777,"date":"2025-01-13T13:49:00","date_gmt":"2025-01-13T12:49:00","guid":{"rendered":"https:\/\/www.schnorpstronik.de\/?page_id=10777"},"modified":"2025-01-13T14:22:21","modified_gmt":"2025-01-13T13:22:21","slug":"fluegelsignale-formsignale-3d-druck-h0","status":"publish","type":"page","link":"https:\/\/www.schnorpstronik.de\/index.php\/modellbahn\/fluegelsignale-formsignale-3d-druck-h0\/","title":{"rendered":"Fl\u00fcgelsignale (Formsignale) 3D-Druck H0"},"content":{"rendered":"<div class=\"wp-block-image\">\n<figure class=\"alignright size-medium\"><a href=\"https:\/\/www.schnorpstronik.de\/wp-content\/uploads\/2025\/01\/Fluegelsignale_3D-Druck_3D-CAD.jpg\"><img loading=\"lazy\" decoding=\"async\" width=\"107\" height=\"300\" src=\"https:\/\/www.schnorpstronik.de\/wp-content\/uploads\/2025\/01\/Fluegelsignale_3D-Druck_3D-CAD-107x300.jpg?wsr\" alt=\"Fl\u00fcgelsignal 3D Druck CAD-Modell\" class=\"wp-image-10778\" srcset=\"https:\/\/www.schnorpstronik.de\/wp-content\/uploads\/2025\/01\/Fluegelsignale_3D-Druck_3D-CAD-107x300.jpg 107w, https:\/\/www.schnorpstronik.de\/wp-content\/uploads\/2025\/01\/Fluegelsignale_3D-Druck_3D-CAD.jpg 330w\" sizes=\"auto, (max-width: 107px) 100vw, 107px\" \/><\/a><figcaption class=\"wp-element-caption\">Fl\u00fcgelsignal 3D Druck CAD-Modell<\/figcaption><\/figure>\n<\/div>\n\n\n<p>Der 3D-Druck erm\u00f6glicht es, einiges f\u00fcr die Modelleisenbahn sich selbst herzustellen. Im Verein, <a href=\"http:\/\/www.mec-arnsdorf.de\" data-type=\"link\" data-id=\"www.mec-arnsdorf.de\" target=\"_blank\" rel=\"noreferrer noopener\">MEC Arnsdorf e.V.<\/a> nutzen wir den 3D-Druck unter anderem f\u00fcr Geb\u00e4ude, Servo-Weichenantriebe, aber auch f\u00fcr eigene Fl\u00fcgelsignale, jeweils in Spur H0. Der Hintergrund hierf\u00fcr: Verschlei\u00df vs. Kosten. Im Ausstellungsbetrieb, aber auch beim Basteln, kann es schnell mal passieren, dass ein Signal durch eine ungeschickte Bewegung besch\u00e4digt oder ganz zerst\u00f6rt wird. Damit einhergehend sind dann schnell mal 50&#8230;100 EURO Schrott &#8211; je nachdem, welches Signal und was kaputt gegangen ist. Also hat der MEC Arnsdorf e.V. ein &#8222;verschlei\u00dffreundliches&#8220; Fl\u00fcgelsignal entworfen, welches zum einen g\u00fcnstig herstellbar, einfach in der Funktion und dennoch ansprechend in der Optik ist. Alle Einzelteile sind, der rationellen Fertigung wegen, im FDM Verfahren hergestellt, also ohne aufwendige Nachbearbeitung wie bei Harz-\/Resin-Druckern. Dem FDM-Verfahren geschuldet, sind hierbei einige Vereinfachungen getroffen worden, welche jedoch im Einsatz auf der Vereinsanlage und typischen Betrachtungsabst\u00e4nden nicht st\u00f6ren: <\/p>\n\n\n\n<ul class=\"wp-block-list\">\n<li>nur 1 durchbrochene Achse vom Mast<\/li>\n\n\n\n<li>die Leuchten sind nur Dummies (keine elektrische, leuchtende Funktion). <\/li>\n<\/ul>\n\n\n\n<p>Entstanden sind 3 Varianten an Fl\u00fcgelsignalen, welche sich wie folgt unterscheiden:<\/p>\n\n\n\n<ul class=\"wp-block-list\">\n<li>Variante 1: 1 Fl\u00fcgel, zweibegriffig, 1x Servo<\/li>\n\n\n\n<li>Variante 2: 2 Fl\u00fcgel gekoppelt, zweibegriffig, 1x Servo<\/li>\n\n\n\n<li>Variante 3: 2 Fl\u00fcgel ungekoppelt, dreibegriffig, 2x Servo<\/li>\n<\/ul>\n\n\n\n<figure class=\"wp-block-image size-large\"><a href=\"https:\/\/www.schnorpstronik.de\/wp-content\/uploads\/2025\/01\/Fluegelsignale_3D_Druck_Ausstellung_2024.jpg\"><img loading=\"lazy\" decoding=\"async\" width=\"1024\" height=\"1024\" src=\"https:\/\/www.schnorpstronik.de\/wp-content\/uploads\/2025\/01\/Fluegelsignale_3D_Druck_Ausstellung_2024-1024x1024.jpg\" alt=\"Fl\u00fcgelsignale, 3D-Druck, 3x Varianten, MEC Arnsdorf e.V. zur Ausstellung Februar 2024\" class=\"wp-image-10775\" srcset=\"https:\/\/www.schnorpstronik.de\/wp-content\/uploads\/2025\/01\/Fluegelsignale_3D_Druck_Ausstellung_2024-1024x1024.jpg 1024w, https:\/\/www.schnorpstronik.de\/wp-content\/uploads\/2025\/01\/Fluegelsignale_3D_Druck_Ausstellung_2024-300x300.jpg 300w, https:\/\/www.schnorpstronik.de\/wp-content\/uploads\/2025\/01\/Fluegelsignale_3D_Druck_Ausstellung_2024-150x150.jpg 150w, https:\/\/www.schnorpstronik.de\/wp-content\/uploads\/2025\/01\/Fluegelsignale_3D_Druck_Ausstellung_2024-768x768.jpg 768w, https:\/\/www.schnorpstronik.de\/wp-content\/uploads\/2025\/01\/Fluegelsignale_3D_Druck_Ausstellung_2024.jpg 1440w\" sizes=\"auto, (max-width: 1024px) 100vw, 1024px\" \/><\/a><figcaption class=\"wp-element-caption\">Fl\u00fcgelsignale, 3D-Druck, 3x Varianten, MEC Arnsdorf e.V. zur Ausstellung Februar 2024<\/figcaption><\/figure>\n\n\n\n<h2 class=\"wp-block-heading\">Bausatz<\/h2>\n\n\n\n<p>F\u00fcr Interessierte sind diese 3 Varianten nun als Bausatz verf\u00fcgbar, der Verkauf wird \u00fcber mich (SchnorpsTronik Norbert Martsch) abgewickelt. <strong>Die Einnahmen werden zu 100% an den MEC Arnsdorf e.V. weitergeleitet und unterst\u00fctzen so direkt und zu 100% die Vereinsarbeit.<\/strong> Der Preis pro Signal (egal welche Variante) betr\u00e4gt 15,00 EURO, zzgl. Versand.<br>Im Bausatz enthalten:<\/p>\n\n\n\n<ul class=\"wp-block-list\">\n<li>Alle 3D-gedruckten Teile, die wei\u00df-rot-farbigen Teile sind farbig gedruckt, nicht lackiert<\/li>\n\n\n\n<li>Stelldraht<\/li>\n<\/ul>\n\n\n\n<p>Im Bausatz nicht enthalten und somit zus\u00e4tzlich werden ben\u00f6tigt:<\/p>\n\n\n\n<ul class=\"wp-block-list\">\n<li>Servo\/Servos, Typ: SG90 (9g, Abmessung: ~ 23,0 x 12,2 x 29,0 mm)<br>Die bekanntesten Hersteller vom Typ SG90 sind Tower Pro und DIY More (DM), daneben noch unz\u00e4hlige &#8222;NoName-Hersteller&#8220; mit teils gleicher Optik.<\/li>\n\n\n\n<li>Servodecoder, Servotester<\/li>\n<\/ul>\n\n\n\n<p>Bei Interesse bitte ein E-Mail an <a href=\"mailto:sx-elektronik@schnorpstronik.de\">sx-elektronik@schnorpstronik.de<\/a> senden. Vielen Dank!<\/p>\n\n\n\n<h2 class=\"wp-block-heading\">Download<\/h2>\n\n\n\n<p>Die Anleitung zum Bausatz ist hier verf\u00fcgbar:<\/p>\n\n\n\n<ul class=\"wp-block-list\">\n<li><a href=\"https:\/\/www.schnorpstronik.de\/wp-content\/uploads\/2025\/01\/Fluegelsignale_3D-Druck_Bauanleitung_2024-11-25.pdf\" data-type=\"attachment\" data-id=\"10776\" target=\"_blank\" rel=\"noreferrer noopener\">Fluegelsignale_3D-Druck_Bauanleitung_2024-11-25<\/a><\/li>\n<\/ul>\n\n\n\n<h2 class=\"wp-block-heading\">Angaben zur Produktsicherheit<\/h2>\n\n\n\n<p>SchnorpsTronik Norbert Martsch, Am Trappenstein 3, 01561 Ebersbach<br>E-Mail: <a href=\"mailto:sx-elektronik@schnorpstronik.de\">sx-elektronik@schnorpstronik.de<\/a><\/p>\n\n\n\n<h2 class=\"wp-block-heading\">Sicherheitshinweis<\/h2>\n\n\n\n<p>Ma\u00dfstabs- und originalgetreues Kleinmodell f\u00fcr erwachsene Sammler und Modellbauer. Nicht in die H\u00e4nde von Kindern unter 14 Jahren!<\/p>\n\n\n\n<p><\/p>\n","protected":false},"excerpt":{"rendered":"<p>Der 3D-Druck erm\u00f6glicht es, einiges f\u00fcr die Modelleisenbahn sich selbst herzustellen. Im Verein, MEC Arnsdorf e.V. nutzen wir den 3D-Druck unter anderem f\u00fcr Geb\u00e4ude, Servo-Weichenantriebe, aber auch f\u00fcr eigene Fl\u00fcgelsignale, jeweils in Spur H0. Der Hintergrund hierf\u00fcr: Verschlei\u00df vs. Kosten. &hellip; <a href=\"https:\/\/www.schnorpstronik.de\/index.php\/modellbahn\/fluegelsignale-formsignale-3d-druck-h0\/\">Weiter<\/a><\/p>\n","protected":false},"author":1,"featured_media":0,"parent":566,"menu_order":0,"comment_status":"open","ping_status":"closed","template":"page-fullwidth.php","meta":{"_themeisle_gutenberg_block_has_review":false,"footnotes":""},"class_list":["post-10777","page","type-page","status-publish","hentry"],"_links":{"self":[{"href":"https:\/\/www.schnorpstronik.de\/index.php\/wp-json\/wp\/v2\/pages\/10777","targetHints":{"allow":["GET"]}}],"collection":[{"href":"https:\/\/www.schnorpstronik.de\/index.php\/wp-json\/wp\/v2\/pages"}],"about":[{"href":"https:\/\/www.schnorpstronik.de\/index.php\/wp-json\/wp\/v2\/types\/page"}],"author":[{"embeddable":true,"href":"https:\/\/www.schnorpstronik.de\/index.php\/wp-json\/wp\/v2\/users\/1"}],"replies":[{"embeddable":true,"href":"https:\/\/www.schnorpstronik.de\/index.php\/wp-json\/wp\/v2\/comments?post=10777"}],"version-history":[{"count":4,"href":"https:\/\/www.schnorpstronik.de\/index.php\/wp-json\/wp\/v2\/pages\/10777\/revisions"}],"predecessor-version":[{"id":10787,"href":"https:\/\/www.schnorpstronik.de\/index.php\/wp-json\/wp\/v2\/pages\/10777\/revisions\/10787"}],"up":[{"embeddable":true,"href":"https:\/\/www.schnorpstronik.de\/index.php\/wp-json\/wp\/v2\/pages\/566"}],"wp:attachment":[{"href":"https:\/\/www.schnorpstronik.de\/index.php\/wp-json\/wp\/v2\/media?parent=10777"}],"curies":[{"name":"wp","href":"https:\/\/api.w.org\/{rel}","templated":true}]}}