{"id":1079,"date":"2017-10-11T13:45:58","date_gmt":"2017-10-11T11:45:58","guid":{"rendered":"http:\/\/www.norbert-martsch.de\/?page_id=1079"},"modified":"2022-12-31T11:34:09","modified_gmt":"2022-12-31T10:34:09","slug":"gleisbelegtmelder-v3","status":"publish","type":"page","link":"https:\/\/www.schnorpstronik.de\/index.php\/selectrix-elektronik\/gleisbelegtmelder-v3\/","title":{"rendered":"Gleisbelegtmelder V3"},"content":{"rendered":"<h2>Allgemeines<\/h2>\n<p>Der Gleisbelegtmelder GBM-8-V3 ist in der Lage 8 Gleisabschnitte zu \u00fcberwachen. Es k\u00f6nnen die Gleisformate SX1, SX2 und DCC verarbeitet werden. Die R\u00fcckmeldung erfolgt \u00fcber den SX-Bus.<br \/>Neben den bekannten 5-poligen DIN-SX-Buchsen, besitzt der GBM-8-V3 auch RJ45-Buchsen zur gleichberechtigten Verkablung des SX-Bus in RJ45-Technik. Mehr Infos hierzu siehe:\u00a0<a href=\"https:\/\/www.schnorpstronik.de\/index.php\/selectrix\/selectrix-und-rj45-netzwerkkabel\/\">Selectrix und RJ45-Netzwerkkabel<\/a>.<br \/>Die neue Version 3 ist nun passend f\u00fcr ein Geh\u00e4use designed (Hammond Serie 1591, Reichelt Art.-Nr. 1591CFLBK).<\/p>\n<h3>Vorg\u00e4ngerversion<\/h3>\n<p>Die Version GBM-8-V2 ist ins Archiv umgezogen. Link:<\/p>\n<ul>\n<li><a href=\"https:\/\/www.schnorpstronik.de\/index.php\/selectrix-elektronik\/gleisbelegtmelder-v2\/\">GBM-8-V2<\/a><\/li>\n<\/ul>\n<h2>Funktionen<\/h2>\n<figure id=\"attachment_1099\" class=\"thumbnail wp-caption alignright\" style=\"width: 300px\"><a href=\"https:\/\/www.schnorpstronik.de\/wp-content\/uploads\/2017\/10\/gbm-8-v3_0_0_top-1.jpg\"><img loading=\"lazy\" decoding=\"async\" class=\"size-medium wp-image-1099\" src=\"https:\/\/www.schnorpstronik.de\/wp-content\/uploads\/2017\/10\/gbm-8-v3_0_0_top-1-300x249.jpg\" alt=\"GBM-8-V3, Ansicht von oben\" width=\"300\" height=\"249\" srcset=\"https:\/\/www.schnorpstronik.de\/wp-content\/uploads\/2017\/10\/gbm-8-v3_0_0_top-1-300x249.jpg 300w, https:\/\/www.schnorpstronik.de\/wp-content\/uploads\/2017\/10\/gbm-8-v3_0_0_top-1-768x638.jpg 768w, https:\/\/www.schnorpstronik.de\/wp-content\/uploads\/2017\/10\/gbm-8-v3_0_0_top-1-1024x851.jpg 1024w, https:\/\/www.schnorpstronik.de\/wp-content\/uploads\/2017\/10\/gbm-8-v3_0_0_top-1.jpg 1256w\" sizes=\"auto, (max-width: 300px) 100vw, 300px\" \/><\/a><figcaption class=\"caption wp-caption-text\">GBM-8-V3, Ansicht von oben<\/figcaption><\/figure>\n<p>\u00dcber den SX-Bus wird der GBM-8-V3 auch programmiert, folgende Parameter k\u00f6nnen eingestellt werden:<\/p>\n<ul>\n<li>SX-\/R\u00fcckmelde-Adresse<\/li>\n<li>Meldeverz\u00f6gerung der Belegtmeldung<\/li>\n<li>Meldeverz\u00f6gerung der Freimeldung<br \/>Verhalten bei Fahrstrom aus<\/li>\n<\/ul>\n<p>Der GBM-8-V3 ben\u00f6tigt kein dem SX-Bus synchrones Gleissignal und verarbeitet folgende Gleisformate:<\/p>\n<ul>\n<li>SX1<\/li>\n<li>SX2<\/li>\n<li>DCC<\/li>\n<li>MM<\/li>\n<\/ul>\n<p><strong>Tipp:<\/strong><br \/>Sollen Waggons vom Gleisbelegtmelder\u00a0erkannt werden, empfehle ich einen 22kOhm SMD-Widerstand (Baugr\u00f6\u00dfe 0805 oder 1206) auf 2 Achsen eines Waggons zu kleben und mit Silberleitlack an die Radscheiben zu kontaktieren. Weitere Infos hierzu:<\/p>\n<ul>\n<li><a href=\"http:\/\/www.der-moba.de\/index.php\/Leitachsen\" target=\"_blank\" rel=\"noopener noreferrer\">http:\/\/www.der-moba.de\/index.php\/Leitachsen<\/a><\/li>\n<li><a href=\"http:\/\/www.modellbahnclub-lichtenstein.de\/widerstand-achsen\" target=\"_blank\" rel=\"noopener noreferrer\">http:\/\/www.modellbahnclub-lichtenstein.de\/technik\/steuerungen\/widerstand-achsen.html<\/a><\/li>\n<li><a href=\"http:\/\/www.tc-wiki.de\/index.php\/Meldeachsen,_R%C3%BCckmeldung_f%C3%BCr_Wagen\" target=\"_blank\" rel=\"noopener noreferrer\">http:\/\/www.tc-wiki.de\/index.php\/Meldeachsen,_R%C3%BCckmeldung_f%C3%BCr_Wagen<\/a><\/li>\n<\/ul>\n<h2>Technisches<\/h2>\n<p>Der GBM-8-V3 arbeitet nach dem Stromf\u00fchler-Prinzip. Es reicht ein Stromfluss von weniger als 1mA bzw. ein Spannungsabfall von 0,67V, um eine Belegtmeldung zu erzeugen. Damit sind auch stehende Loks (nur der Decoder als Verbraucher) sicher erkennbar, oder auch Waggons mit Innenbeleuchtung bzw. mit pr\u00e4parierten Achsen &#8211; z.B. per SMD-Widerstand an der Achse (22kOhm).<\/p>\n<figure id=\"attachment_1082\" class=\"thumbnail wp-caption aligncenter\" style=\"width: 1024px\"><a href=\"https:\/\/www.schnorpstronik.de\/wp-content\/uploads\/2017\/10\/gbm-8-v3_0_0-sch.jpg\"><img loading=\"lazy\" decoding=\"async\" class=\"wp-image-1082 size-large\" src=\"https:\/\/www.schnorpstronik.de\/wp-content\/uploads\/2017\/10\/gbm-8-v3_0_0-sch-1024x724.jpg\" alt=\"GBM-8-V3.0.0 - Schaltplan\" width=\"1024\" height=\"724\" srcset=\"https:\/\/www.schnorpstronik.de\/wp-content\/uploads\/2017\/10\/gbm-8-v3_0_0-sch-1024x724.jpg 1024w, https:\/\/www.schnorpstronik.de\/wp-content\/uploads\/2017\/10\/gbm-8-v3_0_0-sch-300x212.jpg 300w, https:\/\/www.schnorpstronik.de\/wp-content\/uploads\/2017\/10\/gbm-8-v3_0_0-sch-768x543.jpg 768w, https:\/\/www.schnorpstronik.de\/wp-content\/uploads\/2017\/10\/gbm-8-v3_0_0-sch.jpg 2000w\" sizes=\"auto, (max-width: 1024px) 100vw, 1024px\" \/><\/a><figcaption class=\"caption wp-caption-text\">GBM-8-V3.0.0 &#8211; Schaltplan<\/figcaption><\/figure>\n<p><strong>Das Messprinzip stellt sich wie folgt dar:<\/strong><br \/>Der Fahrstrom flie\u00dft von X5-1 oder X5-10 \u00fcber je 2 antiparallele Dioden (D4&#8230;D19) zu den Anschl\u00fcssen X5-2&#8230;X5-9. Das Widerstandsnetzwerk RN1 bildet die 8 Messwiderst\u00e4nde, welche parallel zu den 16 antiparallelen Dioden D4&#8230;D19 verschaltet sind. Eine Verbraucher auf dem Gleis bewirkt einen Stromfluss \u00fcber D4&#8230;D19, dies wiederrum f\u00fchrt zu einem Spannungsabfall in diesen Dioden von rund 0,67V. Da die Messwiderst\u00e4nd in RN1 und D4&#8230;D19 parallel verschaltet sind, wirkt dieser Spannungsabfall auch auf die Messwiderst\u00e4nde. \u00dcber je einen 100kOhm Widerstand sind die Dioden D4&#8230;D19 sowie die Messwiderst\u00e4nde des RN1 mit den Minus-Eing\u00e4ngen des Komparators LM339 verbunden.<\/p>\n<p><span style=\"text-decoration: underline;\"><strong>Betrachtung 1 &#8211; Fahrstromeingang X5-1 \/ X5-10 liegen augenblicklich auf Masse\/low &amp; Verbraucher auf Gleis<\/strong><\/span><br \/>Die Widerst\u00e4nde R15 (4,7kOhm) und R14 (100kOhm) bilden einen Spannungsteiler an 5V. Es ergibt sich eine Spannung von 0,235V (4,7kOhm \/ 100kOhm * 5V), wenn am Fahrstromeingang X5-1 bzw. X5-10 0V (also Masse) anliegt. Die 0,235V liegen als Vergleichsspannungen am Plus-Eingang des Komparators des LM339 an.<br \/>Flie\u00dft \u00fcber einen Verbraucher auf dem Gleis ein Strom von Zentrale\/Booster -&gt; Verbraucher auf Gleis -&gt; GBM -&gt; Zentrale\/Booster, so f\u00e4llt am Messwiderstand und den antiparallelen Dioden eine Spannung von 0,67V ab. Damit ist am Komparator der Minus-Eingang &gt; Plus-Eingang (Minus gr\u00f6\u00dfer Plus | 0,67V &gt; 0,235V) und damit der Ausgang des Komparators logisch &#8222;low&#8220;.<\/p>\n<p><strong>Betrachtung 2 &#8211; Fahrstromeingang X5-1 \/ X5-10 liegen augenblicklich auf ~20V\/high &amp; Verbraucher auf Gleis<br \/><\/strong>Bei gg\u00fc. Betrachtung 1 invertierter Gleisspannung liegt am Vergleichsspannungseingang (Plus-Eingang) des Komparators ~5,7V an. Diese ergibt sich folgenderma\u00dfen: Vergleichsspannung bildet sich \u00fcber R15 (4,7kOhm) und Diode D3 (BAW75). R15 begrenzt den Strom auf ca. 3mA (20V &#8211; 5V = 15V; 15V \/ 4700Ohm = 0,003A = 3mA). Laut Datenblatt der Diode BAW75 betr\u00e4gt bei 3mA &#8222;forward current&#8220; der Spannungsabfall &#8222;forward voltage&#8220; ~0,7V (Ablesen aus Diagramm). Da die Kathode der Diode nicht auf Masse, sondern +5V liegt, ergeben sich am\u00a0Vergleichsspannungseingang (Plus-Eingang) des Komparators 5V + 0,7V = 5,7V.<br \/>Flie\u00dft \u00fcber einen Verbraucher auf dem Gleis ein Strom von Zentrale\/Booster -&gt; GBM -&gt; Verbraucher auf Gleis -&gt; Zentrale\/Booster (umgekehrter Weg wie in Betrachtung 1), so f\u00e4llt am Messwiderstand und den antiparallelen Dioden eine Spannung von ~20V &#8211; 0,67V = ~19V ab.\u00a0Damit ist am Komparator wieder der Minus-Eingang &gt; Plus-Eingang (Minus gr\u00f6\u00dfer Plus | 19V &gt; 5,7V) und damit der Ausgang des Komparators logisch &#8222;low&#8220;.<\/p>\n<p><strong>Betrachtung 3 &#8211; Fahrstromeingang X5-1 \/ X5-10 liegen augenblicklich auf Masse\/low &amp; <span style=\"text-decoration: underline; color: #ff0000;\">kein<\/span> Verbraucher auf Gleis<br \/><\/strong>Wie in Betrachtung 1, liegt am\u00a0Vergleichsspannungseingang (Plus-Eingang) des Komparators 0,235V an. Da jedoch auf dem Gleis kein Verbraucher einen Stromfluss verursacht, damit keinen Spannungsabfall an den antiparallelen Dioden sowie dem Messwiderstand auftritt, liegt der\u00a0Minus-Eingang bei 0V. Damit ist\u00a0Minus-Eingang &lt; Plus-Eingang (Minus kleiner Plus | 0V &lt; 0,235V) und der Ausgang des Komparators logisch &#8222;high&#8220;.<\/p>\n<p><strong>Betrachtung 4 &#8211; Fahrstromeingang X5-1 \/ X5-10 liegen augenblicklich auf ~20V\/high\u00a0&amp; <span style=\"text-decoration: underline; color: #ff0000;\">kein<\/span> Verbraucher auf Gleis<br \/><\/strong>Wie in Betrachtung 2, liegt am\u00a0Vergleichsspannungseingang (Plus-Eingang) des Komparators 5,7V\u00a0an. Da jedoch auf dem Gleis kein Verbraucher einen Stromfluss verursacht, damit keinen Spannungsabfall an den antiparallelen Dioden sowie dem Messwiderstand auftritt, liegt der\u00a0Minus-Eingang bei 0V. Damit ist\u00a0Minus-Eingang &lt; Plus-Eingang (Minus kleiner Plus | 0V &lt; 5,7V) und der Ausgang des Komparators logisch &#8222;high&#8220;.<\/p>\n<p>Der Prozessor wertet nun die Ausg\u00e4nge des Komparators auf logisch &#8222;high&#8220; oder &#8222;low&#8220; aus. Ein logisch &#8222;low&#8220; bedeutet Verbraucher auf Gleis, logisch &#8222;high&#8220; Gleis frei. \u00dcber Software-Filter und einstellbare Verz\u00f6gerungszeiten wird schlie\u00dflich das Ergebnis der Auswertung auf den SX-Bus gemeldet.<\/p>\n\n\n<h2 class=\"wp-block-heading\">Downloads<\/h2>\n\n\n\n<ul class=\"wp-block-list\">\n<li><a href=\"https:\/\/www.schnorpstronik.de\/wp-content\/uploads\/2017\/10\/gbm-8-v3.zip\" data-type=\"attachment\" data-id=\"1100\" target=\"_blank\" rel=\"noreferrer noopener\">GBM-8-V3<\/a><\/li>\n<\/ul>\n","protected":false},"excerpt":{"rendered":"<p>Allgemeines Der Gleisbelegtmelder GBM-8-V3 ist in der Lage 8 Gleisabschnitte zu \u00fcberwachen. Es k\u00f6nnen die Gleisformate SX1, SX2 und DCC verarbeitet werden. Die R\u00fcckmeldung erfolgt \u00fcber den SX-Bus.Neben den bekannten 5-poligen DIN-SX-Buchsen, besitzt der GBM-8-V3 auch RJ45-Buchsen zur gleichberechtigten Verkablung &hellip; <a href=\"https:\/\/www.schnorpstronik.de\/index.php\/selectrix-elektronik\/gleisbelegtmelder-v3\/\">Weiter<\/a><\/p>\n","protected":false},"author":1,"featured_media":0,"parent":84,"menu_order":0,"comment_status":"open","ping_status":"open","template":"page-fullwidth.php","meta":{"_themeisle_gutenberg_block_has_review":false,"footnotes":""},"class_list":["post-1079","page","type-page","status-publish","hentry"],"_links":{"self":[{"href":"https:\/\/www.schnorpstronik.de\/index.php\/wp-json\/wp\/v2\/pages\/1079","targetHints":{"allow":["GET"]}}],"collection":[{"href":"https:\/\/www.schnorpstronik.de\/index.php\/wp-json\/wp\/v2\/pages"}],"about":[{"href":"https:\/\/www.schnorpstronik.de\/index.php\/wp-json\/wp\/v2\/types\/page"}],"author":[{"embeddable":true,"href":"https:\/\/www.schnorpstronik.de\/index.php\/wp-json\/wp\/v2\/users\/1"}],"replies":[{"embeddable":true,"href":"https:\/\/www.schnorpstronik.de\/index.php\/wp-json\/wp\/v2\/comments?post=1079"}],"version-history":[{"count":0,"href":"https:\/\/www.schnorpstronik.de\/index.php\/wp-json\/wp\/v2\/pages\/1079\/revisions"}],"up":[{"embeddable":true,"href":"https:\/\/www.schnorpstronik.de\/index.php\/wp-json\/wp\/v2\/pages\/84"}],"wp:attachment":[{"href":"https:\/\/www.schnorpstronik.de\/index.php\/wp-json\/wp\/v2\/media?parent=1079"}],"curies":[{"name":"wp","href":"https:\/\/api.w.org\/{rel}","templated":true}]}}