{"id":153,"date":"2015-08-19T08:01:09","date_gmt":"2015-08-19T06:01:09","guid":{"rendered":"http:\/\/wp.norbert-martsch.de\/?page_id=153"},"modified":"2017-05-29T08:40:01","modified_gmt":"2017-05-29T06:40:01","slug":"selectrix-system","status":"publish","type":"page","link":"https:\/\/www.schnorpstronik.de\/index.php\/selectrix\/selectrix-system\/","title":{"rendered":"Selectrix System"},"content":{"rendered":"<p>Das Selectrix-System ist ein taktgesteuertes Digitalsystem. Es gibt sowohl das SX1-Datenformat, als auch eine Buserweiterung, mit der zus\u00e4tzlich zu SX1 auch SX2- und DCC-Lokdecoder angesprochen werden k\u00f6nnen. Zubeh\u00f6rmodule (z.B. Weichendecoder, Anzeigemodule, Gleisbelegtmelder, Tastenmodule) werden aktuell nur im SX1-Busformat (also ohne Buserweiterung) angesprochen.<\/p>\n<p>Im reinen SX1-Betrieb besitzt das SX-System eine feste Umlaufzeit von ~77ms (0,077s)., bzw. einer Refresh-Rate von 13x pro Sekunde. Innerhalb dieser Zeit werden alle 112 verf\u00fcgbaren Systemadressen eines SX-Busses \u00fcbertragen, wobei jede Adresse 8 Bit (8 einzelne Informationseinheiten) beinhaltet. Damit lassen sich bis zu 896 einzelne Weichen schalten, Gleisabschnitte \u00fcberwachen oder Anzeigen ansteuern &#8211; nat\u00fcrlich auch in Kombination bis zur Grenze von 896. Reicht dieser Umfang nicht aus, um alle Aufgaben der Anlagensteuerung abzudecken, k\u00f6nnen weitere SX-Busse installiert werden. Der Adressumfang von 112 Adressen setzt sich auf Protokoll-Ebene aus 16 Grundrahmen und 7 Datenkan\u00e4len zusammen (16 x 7 = 112)<br \/>\nMit einer festen Wiederholrate von 13x pro Sekunde ist das SX1-System echtzeitf\u00e4hig, da innerhalb eines fest definierten Zeitintervalls verl\u00e4sslich ein Befehl \u00fcbertragen wird.<\/p>\n<h2>SX-Buserweiterung<\/h2>\n<p>Mit der SX-Buserweiterung (umgangssprachlich auch &#8222;SX2-System&#8220; genannt) wurde der SX1-Datenrahmen dahingehend erweitert, SX2- und DCC-Lokdecoder-Befehle \u00fcber den SX-Bus \u00fcbertragen zu k\u00f6nnen und mit der Zentrale ans Gleis auszugeben. Durch diese Erweiterung, welche bedarfsabh\u00e4ngig in die Grundrahmen-\u00dcbertragung eingef\u00fcgt wird, ist die maximale Anzahl der Nicht-SX1-Informationen auf 16 pro SX-Bus beschr\u00e4nkt. Bedarfsabh\u00e4ngig bedeutet, dass bei nur einer DCC-Lok (Nicht-SX1-Lok) nur eine Erweiterung eingef\u00fcgt wird, der Rest bleibt, bei 16 Nicht-SX1-Loks werden alle 16 Erweiterungen in die \u00dcbertragung eingef\u00fcgt.<br \/>\nDurch das Einf\u00fcgen zus\u00e4tzlicher Informationen sinkt die Refresh-Rate lastabh\u00e4ngig von 13x pro Sekunde auf bis zu 5,3x&#8230;3,5x pro Sekunde bei maximaler Systemauslastung. Maximal bedeutet 103 SX1-Loks und 16 Nicht-SX1-Loks, in Summe also 119 Loks in einem SX-Bus.<br \/>\nMit Hilfe der SX-Buserweiterungen lassen sich Lokdecoder im SX2- und DCC Format mit Adressen bis zu 9999 und 16 Zusatzfunktionen ansteuern. Bei DCC sind dabei kurze und lange Adressen, 14, 28 und 127 Fahrstufen m\u00f6glich. Das M\u00e4rklin-Motorola-Format wird mit einem Adressbereich bis 255 und 14 Fahrstufen sowie maximal 4 Funktionen unterst\u00fctzt.<\/p>\n<h2>Weiterf\u00fchrende Links<\/h2>\n<ul>\n<li><a href=\"http:\/\/www.mec-arnsdorf.de\/index.php\/selectrix\/selectrix-protokoll\/\" target=\"_blank\" rel=\"noopener noreferrer\">Beschreibung des SX1-Protokolls<\/a><\/li>\n<li><a href=\"http:\/\/www.mec-arnsdorf.de\/index.php\/selectrix\/selectrix-adressen\/\" target=\"_blank\" rel=\"noopener noreferrer\">Adressbereiche unter SX1 und deren Bedeutung<\/a><\/li>\n<li><a href=\"http:\/\/www.mec-arnsdorf.de\/index.php\/selectrix\/sx-anwenderwissen\/datensignale\/\" target=\"_blank\" rel=\"noopener noreferrer\">Verdrahtung und Belegung SX-Stecker und Buchsen<\/a><\/li>\n<li><a href=\"http:\/\/www.mec-arnsdorf.de\/index.php\/selectrix\/sx-anwenderwissen\/\" target=\"_blank\" rel=\"noopener noreferrer\">Selectrix-Anwenderwissen<\/a><\/li>\n<\/ul>\n","protected":false},"excerpt":{"rendered":"<p>Das Selectrix-System ist ein taktgesteuertes Digitalsystem. Es gibt sowohl das SX1-Datenformat, als auch eine Buserweiterung, mit der zus\u00e4tzlich zu SX1 auch SX2- und DCC-Lokdecoder angesprochen werden k\u00f6nnen. Zubeh\u00f6rmodule (z.B. Weichendecoder, Anzeigemodule, Gleisbelegtmelder, Tastenmodule) werden aktuell nur im SX1-Busformat (also ohne &hellip; <a href=\"https:\/\/www.schnorpstronik.de\/index.php\/selectrix\/selectrix-system\/\">Weiter<\/a><\/p>\n","protected":false},"author":1,"featured_media":0,"parent":144,"menu_order":0,"comment_status":"open","ping_status":"open","template":"page-fullwidth.php","meta":{"_themeisle_gutenberg_block_has_review":false,"footnotes":""},"class_list":["post-153","page","type-page","status-publish","hentry"],"_links":{"self":[{"href":"https:\/\/www.schnorpstronik.de\/index.php\/wp-json\/wp\/v2\/pages\/153","targetHints":{"allow":["GET"]}}],"collection":[{"href":"https:\/\/www.schnorpstronik.de\/index.php\/wp-json\/wp\/v2\/pages"}],"about":[{"href":"https:\/\/www.schnorpstronik.de\/index.php\/wp-json\/wp\/v2\/types\/page"}],"author":[{"embeddable":true,"href":"https:\/\/www.schnorpstronik.de\/index.php\/wp-json\/wp\/v2\/users\/1"}],"replies":[{"embeddable":true,"href":"https:\/\/www.schnorpstronik.de\/index.php\/wp-json\/wp\/v2\/comments?post=153"}],"version-history":[{"count":0,"href":"https:\/\/www.schnorpstronik.de\/index.php\/wp-json\/wp\/v2\/pages\/153\/revisions"}],"up":[{"embeddable":true,"href":"https:\/\/www.schnorpstronik.de\/index.php\/wp-json\/wp\/v2\/pages\/144"}],"wp:attachment":[{"href":"https:\/\/www.schnorpstronik.de\/index.php\/wp-json\/wp\/v2\/media?parent=153"}],"curies":[{"name":"wp","href":"https:\/\/api.w.org\/{rel}","templated":true}]}}