{"id":155,"date":"2015-08-19T08:01:41","date_gmt":"2015-08-19T06:01:41","guid":{"rendered":"http:\/\/wp.norbert-martsch.de\/?page_id=155"},"modified":"2024-12-04T07:22:45","modified_gmt":"2024-12-04T06:22:45","slug":"selectrix-marktuebersicht","status":"publish","type":"page","link":"https:\/\/www.schnorpstronik.de\/index.php\/selectrix\/selectrix-marktuebersicht\/","title":{"rendered":"Selectrix Markt\u00fcbersicht"},"content":{"rendered":"\n<p>Als Interessent und Anwender hat man f\u00fcr das Selectrix-Digitalsystem die M\u00f6glichkeiten, sowohl bei kommerziellen Anbietern f\u00fcndig zu werden, als auch sich an Selbstbauprojekten zu versuchen.<br>\nIm folgenden sind einige Anlaufstellen zusammengetragen.<\/p>\n\n\n\n<h2 class=\"wp-block-heading\">Kommerzielle Anbieter<\/h2>\n\n\n\n<ul class=\"wp-block-list\">\n<li><a href=\"https:\/\/www.digitronic-brand.de\/\" target=\"_blank\" rel=\"noreferrer noopener\">Digit-Electronic<\/a>\n<ul class=\"wp-block-list\">\n<li>Komplettes Digitalsystem (Multiprotokoll)<\/li>\n\n\n\n<li>Handregler,\u00a0auch Multiprotokoll-f\u00e4hig<\/li>\n\n\n\n<li>Reparaturservice f\u00fcr \u00e4ltere (Selec-) Trix-Ger\u00e4te<\/li>\n\n\n\n<li>SX-Module f\u00fcr Spezialaufgaben (Sonderl\u00f6sungen)<\/li>\n<\/ul>\n<\/li>\n\n\n\n<li><a href=\"http:\/\/www.dm-control.com\/\" target=\"_blank\" rel=\"noopener noreferrer\">dm-control &#8211; Daniel Mikeleit<\/a>\n<ul class=\"wp-block-list\">\n<li>Entwickler der Softwares:\n<ul class=\"wp-block-list\">\n<li>SX1-Freeware Edition<\/li>\n\n\n\n<li>RMX-PC-Zentrale<\/li>\n\n\n\n<li>SX-Modul-Programmer<\/li>\n<\/ul>\n<\/li>\n<\/ul>\n<\/li>\n\n\n\n<li><a href=\"http:\/\/doehler-haass.de\/\" target=\"_blank\" rel=\"noopener noreferrer\">Doehler &amp; Haass\u00a0(D&amp;H)<\/a>\n<ul class=\"wp-block-list\">\n<li>Erfinder von Selectrix<\/li>\n\n\n\n<li>Lokdecoder (Multiprotokoll SX1, SX2, DCC)<\/li>\n\n\n\n<li>Komplettes Digitalsystem (Multiprotokoll)<\/li>\n\n\n\n<li>Sound-System f\u00fcr Modelleisenbahn (Sounddecoder)<\/li>\n\n\n\n<li>Zubeh\u00f6r<\/li>\n<\/ul>\n<\/li>\n\n\n\n<li><a href=\"http:\/\/www.he-digital.de\/\" target=\"_blank\" rel=\"noopener noreferrer\">Engelmann GmbH Elektronik-Systeme<\/a>\n<ul class=\"wp-block-list\">\n<li>diverse Module<\/li>\n\n\n\n<li>Handregler, auch Multiprotokoll-f\u00e4hig<\/li>\n<\/ul>\n<\/li>\n\n\n\n<li><a href=\"http:\/\/www.firma-staerz.de\/\" target=\"_blank\" rel=\"noopener noreferrer\">Modellbahn Digital Peter St\u00e4rz<\/a>\n<ul class=\"wp-block-list\">\n<li>Komplettes SX-Digitalsystem\u00a0(reine SX und\u00a0Multiprotokoll-Zentrale)<\/li>\n\n\n\n<li>Handregler, auch Multiprotokoll-f\u00e4hig<\/li>\n\n\n\n<li>Baus\u00e4tze und fertige Module lieferbar<\/li>\n\n\n\n<li>Vertrieb von D&amp;H-Lokdecodern<\/li>\n\n\n\n<li>Zubeh\u00f6r<\/li>\n<\/ul>\n<\/li>\n\n\n\n<li><a href=\"http:\/\/www.mttm.de\/\" target=\"_blank\" rel=\"noopener noreferrer\">MTTM<\/a>\n<ul class=\"wp-block-list\">\n<li>diverse Module<\/li>\n\n\n\n<li>Vertrieb von D&amp;H-Komponenten und Lokdecodern<\/li>\n\n\n\n<li>Software &#8222;ST-Train&#8220;<\/li>\n\n\n\n<li>Zubeh\u00f6r<\/li>\n<\/ul>\n<\/li>\n\n\n\n<li><a href=\"http:\/\/www.rautenhaus-digital.de\/\" target=\"_blank\" rel=\"noopener noreferrer\">rautenhaus digital\u00ae<\/a>\n<ul class=\"wp-block-list\">\n<li>Komplettes Digitalsystem (reines SX und Multiprotokoll)<\/li>\n\n\n\n<li>Vertrieb von Lokdecodern (D&amp;H, D&amp;H-Hardware mit eigener Firmware, diverse andere Anbieter)<\/li>\n\n\n\n<li>Zubeh\u00f6r<\/li>\n\n\n\n<li>Vertrieb der rautenhaus digital\u00ae-Komponenten \u00fcber <a href=\"http:\/\/www.mdvr.de\/\" target=\"_blank\" rel=\"noopener noreferrer\">MDVR<\/a><\/li>\n<\/ul>\n<\/li>\n<\/ul>\n\n\n\n<h2 class=\"wp-block-heading\">Private Homepages<\/h2>\n\n\n\n<p>Teils bieten private Bastler\/Entwickler ihre Projekte kostenlos oder f\u00fcr schmale Taler zum Nachbau an.<\/p>\n\n\n\n<ul class=\"wp-block-list\">\n<li><a href=\"http:\/\/www.frank-keil.de\/\" target=\"_blank\" rel=\"noopener noreferrer\">Frank Keil<\/a>\n<ul class=\"wp-block-list\">\n<li>Diverse Informationen und Berichte rund um SX<\/li>\n<\/ul>\n<\/li>\n\n\n\n<li><a href=\"https:\/\/opensx.net\/\" target=\"_blank\" rel=\"noopener noreferrer\">OpenSX \/\u00a0Michael Blank<\/a>\n<ul class=\"wp-block-list\">\n<li>Selectrix und Arduino, inkl. OpenSource-Bibliothek zum dekodieren des SX-Datenstroms<\/li>\n\n\n\n<li>Software<\/li>\n\n\n\n<li>diverse Projekte und <a href=\"http:\/\/www.oscale.net\/selectrix\" target=\"_blank\" rel=\"noopener noreferrer\">4-teilige Ver\u00f6ffentlichungen aus &#8222;Digitale Modellbahn&#8220;<\/a><\/li>\n<\/ul>\n<\/li>\n\n\n\n<li>Uli Beyenbach\n<ul class=\"wp-block-list\">\n<li>Modelleisenbahn in Spur Z, Elektronik, Selectrix und Arduino<\/li>\n\n\n\n<li><a href=\"http:\/\/www.1-zu-220.de\/\" target=\"_blank\" rel=\"noopener\">Homepage<\/a><\/li>\n\n\n\n<li><a href=\"http:\/\/www.1-zu-220.de\/reglerd.htm\" target=\"_blank\" rel=\"noopener\">Direkt-Link: Fahrregler<\/a><\/li>\n<\/ul>\n<\/li>\n\n\n\n<li><a href=\"http:\/\/www.uwe-magnus.de\/\" target=\"_blank\" rel=\"noopener noreferrer\">Uwe Magnus<\/a>\n<ul class=\"wp-block-list\">\n<li>Komplettes Digitalsystem zum selber bauen (reines SX1)<\/li>\n<\/ul>\n<\/li>\n<\/ul>\n\n\n\n<h2 class=\"wp-block-heading\">Foren mit Selectrix-relevanten Inhalten<\/h2>\n\n\n\n<ul class=\"wp-block-list\">\n<li><a href=\"http:\/\/www.1zu160.net\" target=\"_blank\" rel=\"noopener noreferrer\">1zu160<\/a>\n<ul class=\"wp-block-list\">\n<li>N-Bahner-Forum mit vielen SX-Anwendern<\/li>\n<\/ul>\n<\/li>\n\n\n\n<li><a href=\"http:\/\/forum.mec-arnsdorf.de\/\" target=\"_blank\" rel=\"noopener noreferrer\">MEC Arnsdorf<\/a>\n<ul class=\"wp-block-list\">\n<li>Spurneutrales Forum, sehr SX-lastig<\/li>\n<\/ul>\n<\/li>\n\n\n\n<li><a href=\"http:\/\/www.mobamitspass.de\/\" target=\"_blank\" rel=\"noopener noreferrer\">Moba mit Spass<\/a>\n<ul class=\"wp-block-list\">\n<li>Spurneutrales Forum mit einigen SX-Inhalten<\/li>\n<\/ul>\n<\/li>\n<\/ul>\n\n\n\n<h2 class=\"wp-block-heading\">Vereine,&nbsp;Schauanlagen, Gro\u00dfanlagen<\/h2>\n\n\n\n<ul class=\"wp-block-list\">\n<li><a href=\"http:\/\/www.berninamodell.ch\" target=\"_blank\" rel=\"noopener noreferrer\">Berninabahn Modell (BBModell)<\/a>\n<ul class=\"wp-block-list\">\n<li>Anlage nach Schweizer Vorbild<\/li>\n<\/ul>\n<\/li>\n\n\n\n<li><a href=\"http:\/\/www.miniaturelbtal.de\/\" target=\"_blank\" rel=\"noopener noreferrer\">Miniaturelbtal<\/a>\n<ul class=\"wp-block-list\">\n<li>Schauanlage mit Nachbildung des Elbtals in 1:87 (H0) zwischen Obervogelgesang und Bad Schandau<\/li>\n\n\n\n<li>Selbstfahrm\u00f6glichkeit<\/li>\n\n\n\n<li>Traincontroller Consultant<\/li>\n\n\n\n<li>Digitalservice<\/li>\n<\/ul>\n<\/li>\n\n\n\n<li><a href=\"http:\/\/www.mec-arnsdorf.de\/\" target=\"_blank\" rel=\"noopener noreferrer\">Modelleisenbahnclub Arnsdorf e.V.<\/a>\n<ul class=\"wp-block-list\">\n<li><a href=\"http:\/\/www.mec-arnsdorf.de\/index.php\/selectrix\/sx-anwenderwissen\/\" target=\"_blank\" rel=\"noopener noreferrer\">SX-Anwenderwissen<\/a><\/li>\n<\/ul>\n<\/li>\n\n\n\n<li><a href=\"http:\/\/www.museum-stveit.at\/\" target=\"_blank\" rel=\"noopener noreferrer\">Verkehrsmuseum St. Veit<\/a>\n<ul class=\"wp-block-list\">\n<li>Museums-Anlage<\/li>\n<\/ul>\n<\/li>\n\n\n\n<li><a href=\"http:\/\/www.vhs-modellbahn.de\/\" target=\"_blank\" rel=\"noopener noreferrer\">VHS Modellbahn<\/a>\n<ul class=\"wp-block-list\">\n<li>Modellbahn der Volkshochschule im Norden des Landkreises M\u00fcnchen e.V.<\/li>\n<\/ul>\n<\/li>\n<\/ul>\n\n\n\n<h2 class=\"wp-block-heading\">Ehemalige Anbieter und Websites<\/h2>\n\n\n\n<ul class=\"wp-block-list\">\n<li>Digirail\u00ae\n<ul class=\"wp-block-list\">\n<li>Komplettes Digitalsystem (reines SX1)<\/li>\n\n\n\n<li>Handregler<\/li>\n\n\n\n<li>Vertrieb des Freiwald-Handreglers &#8222;SmartHand&#8220; (TrainController)<\/li>\n\n\n\n<li>Vertrieb von D&amp;H-Lokdecodern<\/li>\n\n\n\n<li>Zubeh\u00f6r<\/li>\n<\/ul>\n<\/li>\n\n\n\n<li>Gian A. Bott\n<ul class=\"wp-block-list\">\n<li>Informationen zu iTrain von Komponenten von Modellbahn Digital Peter St\u00e4rz<\/li>\n<\/ul>\n<\/li>\n\n\n\n<li>Gunter Wiencirz\n<ul class=\"wp-block-list\">\n<li>Selectrix in Spur-N<\/li>\n\n\n\n<li>Vielzahl an Waschzetteln und Anleitungen zur Digitalisierung von Spur-N-Modellen<\/li>\n\n\n\n<li>SX-Know-How<\/li>\n<\/ul>\n<\/li>\n\n\n\n<li>Heinrich Maile\n<ul class=\"wp-block-list\">\n<li>Betriebsanleitung f\u00fcr Trix, D&amp;H und rautenaus digital Lok- und Sounddecoder<\/li>\n\n\n\n<li>Digitalumbauten<\/li>\n<\/ul>\n<\/li>\n\n\n\n<li>Jochen Havekost\n<ul class=\"wp-block-list\">\n<li>Selbstbau Zentrale &#8222;MiniFCC&#8220; (Multiprotokoll)<\/li>\n\n\n\n<li>Interface &#8222;IF3U&#8220; zum verbinden der Trix Gleisbox mit dem PC und Erzeugung eines taktsynchronen 2. SX-Bus<\/li>\n\n\n\n<li>Software &#8222;TMSC2&#8220; &#8211; kompatibel u.a. mit FCC, MiniFCC, Bearbeiten von Lokliste der Trix Mobile Station 1 (MS1)<\/li>\n<\/ul>\n<\/li>\n<\/ul>\n\n\n\n<h2 class=\"wp-block-heading\">Hinweis\/Bitte:<\/h2>\n\n\n\n<p>Fehlende oder fehlerhafte Links k\u00f6nnen gern mit der Kommentar-Funktion gemeldet werden. Vielen Dank!<\/p>\n","protected":false},"excerpt":{"rendered":"<p>Als Interessent und Anwender hat man f\u00fcr das Selectrix-Digitalsystem die M\u00f6glichkeiten, sowohl bei kommerziellen Anbietern f\u00fcndig zu werden, als auch sich an Selbstbauprojekten zu versuchen. Im folgenden sind einige Anlaufstellen zusammengetragen. Kommerzielle Anbieter Private Homepages Teils bieten private Bastler\/Entwickler ihre &hellip; <a href=\"https:\/\/www.schnorpstronik.de\/index.php\/selectrix\/selectrix-marktuebersicht\/\">Weiter<\/a><\/p>\n","protected":false},"author":1,"featured_media":0,"parent":144,"menu_order":0,"comment_status":"open","ping_status":"open","template":"page-fullwidth.php","meta":{"_themeisle_gutenberg_block_has_review":false,"footnotes":""},"class_list":["post-155","page","type-page","status-publish","hentry"],"_links":{"self":[{"href":"https:\/\/www.schnorpstronik.de\/index.php\/wp-json\/wp\/v2\/pages\/155","targetHints":{"allow":["GET"]}}],"collection":[{"href":"https:\/\/www.schnorpstronik.de\/index.php\/wp-json\/wp\/v2\/pages"}],"about":[{"href":"https:\/\/www.schnorpstronik.de\/index.php\/wp-json\/wp\/v2\/types\/page"}],"author":[{"embeddable":true,"href":"https:\/\/www.schnorpstronik.de\/index.php\/wp-json\/wp\/v2\/users\/1"}],"replies":[{"embeddable":true,"href":"https:\/\/www.schnorpstronik.de\/index.php\/wp-json\/wp\/v2\/comments?post=155"}],"version-history":[{"count":1,"href":"https:\/\/www.schnorpstronik.de\/index.php\/wp-json\/wp\/v2\/pages\/155\/revisions"}],"predecessor-version":[{"id":10734,"href":"https:\/\/www.schnorpstronik.de\/index.php\/wp-json\/wp\/v2\/pages\/155\/revisions\/10734"}],"up":[{"embeddable":true,"href":"https:\/\/www.schnorpstronik.de\/index.php\/wp-json\/wp\/v2\/pages\/144"}],"wp:attachment":[{"href":"https:\/\/www.schnorpstronik.de\/index.php\/wp-json\/wp\/v2\/media?parent=155"}],"curies":[{"name":"wp","href":"https:\/\/api.w.org\/{rel}","templated":true}]}}