{"id":180,"date":"2015-08-19T10:49:26","date_gmt":"2015-08-19T08:49:26","guid":{"rendered":"http:\/\/wp.norbert-martsch.de\/?page_id=180"},"modified":"2017-05-16T15:10:52","modified_gmt":"2017-05-16T13:10:52","slug":"selectrix-und-rj45-netzwerkkabel","status":"publish","type":"page","link":"https:\/\/www.schnorpstronik.de\/index.php\/selectrix\/selectrix-und-rj45-netzwerkkabel\/","title":{"rendered":"Selectrix und RJ45-Netzwerkkabel"},"content":{"rendered":"<figure id=\"attachment_552\" class=\"thumbnail wp-caption alignright\" style=\"width: 300px\"><a href=\"https:\/\/www.schnorpstronik.de\/wp-content\/uploads\/2015\/08\/gbm_rj45-2016-07-30.jpg\"><img loading=\"lazy\" decoding=\"async\" class=\"wp-image-552 size-medium\" src=\"https:\/\/www.schnorpstronik.de\/wp-content\/uploads\/2015\/08\/gbm_rj45-2016-07-30-300x169.jpg\" alt=\"GBM-8-V2 mit RJ45-Verkablung (Cat. 6)\" width=\"300\" height=\"169\" srcset=\"https:\/\/www.schnorpstronik.de\/wp-content\/uploads\/2015\/08\/gbm_rj45-2016-07-30-300x169.jpg 300w, https:\/\/www.schnorpstronik.de\/wp-content\/uploads\/2015\/08\/gbm_rj45-2016-07-30-768x432.jpg 768w, https:\/\/www.schnorpstronik.de\/wp-content\/uploads\/2015\/08\/gbm_rj45-2016-07-30-1024x576.jpg 1024w\" sizes=\"auto, (max-width: 300px) 100vw, 300px\" \/><\/a><figcaption class=\"caption wp-caption-text\">GBM-8-V2 mit RJ45-Verkablung (Cat. 6)<\/figcaption><\/figure>\n<p>Die in der SX-Welt bekannten 5-poligen 180\u00b0-DIN-Steckverbinder stellen den Standard zur Verkabelung eines SX-Systems dar. Lange waren DIN-Steckverbinder auch weit verbreitet in der Heim- und Industrieelektronik. Zu Hause fand man DIN-Steckverbinder h\u00e4ufig in Stereo- und HiFi-Bereich. Sowohl im Heim- als auch Industriebereich sind DIN-Steckverbinder jedoch r\u00fcckl\u00e4ufig. Auch wenn diese immernoch verf\u00fcgbar sind (und hoffentlich auch bleiben), steigen die Preise aufgrund geringerer Nachfrage und damit verbundenen geringeren Produktionslosgr\u00f6\u00dfen.<br \/>\nAber nicht nur kommerzielle Fakten f\u00fchren zur \u00dcberlegung, ob sich\u00a0neben den bew\u00e4hrten und robusten DIN-Steckverbinder nicht auch Alternativen sich anbieten, das SX-System g\u00fcnstig und zuverl\u00e4ssig zu verkabeln. Hier r\u00fcckt das RJ45-System in die Betrachtung. Es ist bekannt aus der Netzwerktechnik und tauglich f\u00fcr hohe Datenraten (die in einem SX-System nicht erreicht werden wie in einem 100MBit-Netzwerk).<\/p>\n<p>Die hier vorgestellte L\u00f6sung ist mit <a href=\"http:\/\/www.digit-electronic.de\/\" target=\"_blank\" rel=\"noopener noreferrer\">Wilhelm Brand von Digit Electronic<\/a> abgestimmt. Derzeit (08\/2015) bieten nur er und ich SX-L\u00f6sungen mit RJ45-Technik. Es ist damit kein allgemeiner Standard wie das \u00fcbliche 5-polige DIN-Stecksystem.<\/p>\n<h2>Gr\u00fcnde f\u00fcr RJ45<\/h2>\n<ul>\n<li>Etwas geringere Baugr\u00f6\u00dfe der Buchsen (Modulseitig) gg\u00fc. DIN-Buchsen<\/li>\n<li>Verf\u00fcgbarkeit fertig konfektionierter Kabel in verschiedenen L\u00e4ngen und Farben zu sehr g\u00fcnstigen Preisen<\/li>\n<li>Einfach selbst konfektionierbar mit passenden (und mittlerweise) g\u00fcnstigem Werkzeug<\/li>\n<li>RJ45-Buchsen weit verbreitet, sehr gute Verf\u00fcgbarkeit und g\u00fcnstige Preise<\/li>\n<li>Geringere Leitungs-Kapazit\u00e4t (ca. Faktor 4) als die bei DIN-Kabel verwendeter Steuerleistungen (LIYCY), dadurch l\u00e4ngere Leitungsl\u00e4ngen ohne Signalauffrischung realisierbar<\/li>\n<li>Verdrillte Leitungen im Kabel<\/li>\n<li>Vorhandene Schirmung der Netzwerkkabel<\/li>\n<li>Verpolsicher steckbar<\/li>\n<\/ul>\n<h2>Gr\u00fcnde gegen RJ45<\/h2>\n<ul>\n<li>Leitungsquerschnitt meist geringer als bei SX-Kabeln aus DIN-Stecker und Steuerleitung, dadurch geringere Strombelastbarkeit (relevant f\u00fcr Leitung &#8222;B&#8220; (20V) und Masse), d\u00fcnnere Leitungen jedoch vorteilhaft f\u00fcr die Datenleitungen T0, T1 und D (geringere Kapazit\u00e4t)<\/li>\n<li>Mechanische Festigkeit der Kunststoff-Rastnasen im Bezug auf h\u00e4ufiges An- und Abstecken<\/li>\n<\/ul>\n<h2>Technische Umsetzung<\/h2>\n<p>Wo Licht ist, ist auch Schatten. So gilt es die Vorteile von RJ45 zu nutzen und die Nachteile technisch zu l\u00f6sen bzw. zum umschiffen.<br \/>\nDamit sich der bei Netzwerkkabeln geringere Leitungsquerschnitt nicht negativ auswirkt wurden folgende\u00a0Ma\u00dfnahmen ergriffen:<\/p>\n<ul>\n<li>Leitung B (20V) ist auf 2 Leitungen verteilt, dadurch doppelter Einzel-Leitungsquerschnitt<\/li>\n<li>Jede Datenleitung (T0, T1 und D) ist mit einer Masse-Leitung verdrillt ausgef\u00fchrt, dadurch dreifacher\u00a0Einzel-Leitungsquerschnitt und kein \u00dcbersprechen m\u00f6glich<\/li>\n<\/ul>\n<p>Daraus ergibt sich folgende Belegung:<\/p>\n<table border=\"0\" cellspacing=\"0\">\n<colgroup width=\"85\"><\/colgroup>\n<colgroup width=\"145\"><\/colgroup>\n<colgroup width=\"85\"><\/colgroup>\n<tbody>\n<tr>\n<td style=\"text-align: center;\" align=\"center\" height=\"17\"><strong>SX-Leitung<\/strong><\/td>\n<td style=\"text-align: center;\" align=\"center\"><strong>Belegung DIN-Stecker<\/strong><\/td>\n<td style=\"text-align: center;\" align=\"center\"><strong>Belegung RJ45<\/strong><\/td>\n<\/tr>\n<tr>\n<td style=\"text-align: center;\" align=\"center\" height=\"17\">B<\/td>\n<td style=\"text-align: center;\" align=\"center\">3<\/td>\n<td style=\"text-align: center;\" align=\"center\">1 &amp; 2<\/td>\n<\/tr>\n<tr>\n<td style=\"text-align: center;\" align=\"center\" height=\"17\">T0<\/td>\n<td style=\"text-align: center;\" align=\"center\">1<\/td>\n<td style=\"text-align: center;\" align=\"center\">7<\/td>\n<\/tr>\n<tr>\n<td style=\"text-align: center;\" align=\"center\" height=\"17\">T1<\/td>\n<td style=\"text-align: center;\" align=\"center\">4<\/td>\n<td style=\"text-align: center;\" align=\"center\">5<\/td>\n<\/tr>\n<tr>\n<td style=\"text-align: center;\" align=\"center\" height=\"17\">D<\/td>\n<td style=\"text-align: center;\" align=\"center\">5<\/td>\n<td style=\"text-align: center;\" align=\"center\">3<\/td>\n<\/tr>\n<tr>\n<td style=\"text-align: center;\" align=\"center\" height=\"17\">Masse<\/td>\n<td style=\"text-align: center;\" align=\"center\">2<\/td>\n<td style=\"text-align: center;\" align=\"center\">4 &amp; 6 &amp; 8 &amp; Schirm<\/td>\n<\/tr>\n<\/tbody>\n<\/table>\n<figure id=\"attachment_195\" class=\"thumbnail wp-caption alignnone\" style=\"width: 293px\"><a href=\"https:\/\/www.schnorpstronik.de\/index.php\/selectrix\/selectrix-und-rj45-netzwerkkabel\/datensignale_sx_5-poliger-diodenstecker\/\"><img loading=\"lazy\" decoding=\"async\" class=\"wp-image-195 size-medium\" src=\"https:\/\/www.schnorpstronik.de\/wp-content\/uploads\/2015\/08\/Datensignale_sx_5-poliger-diodenstecker-293x300.jpg\" alt=\"5-polger Dideonstecker f\u00fcr SX-Bus (Ansicht von vorn, m\u00e4nnlein, male)\" width=\"293\" height=\"300\" srcset=\"https:\/\/www.schnorpstronik.de\/wp-content\/uploads\/2015\/08\/Datensignale_sx_5-poliger-diodenstecker-293x300.jpg 293w, https:\/\/www.schnorpstronik.de\/wp-content\/uploads\/2015\/08\/Datensignale_sx_5-poliger-diodenstecker-1000x1024.jpg 1000w, https:\/\/www.schnorpstronik.de\/wp-content\/uploads\/2015\/08\/Datensignale_sx_5-poliger-diodenstecker.jpg 1024w\" sizes=\"auto, (max-width: 293px) 100vw, 293px\" \/><\/a><figcaption class=\"caption wp-caption-text\">5-polger Dideonstecker f\u00fcr SX-Bus (Ansicht von vorn, m\u00e4nnlein, male)<\/figcaption><\/figure>\n<p>&nbsp;<\/p>\n<figure id=\"attachment_198\" class=\"thumbnail wp-caption alignnone\" style=\"width: 129px\"><a href=\"https:\/\/www.schnorpstronik.de\/index.php\/selectrix\/selectrix-und-rj45-netzwerkkabel\/rj45-belegung-norbert_martsch\/\"><img loading=\"lazy\" decoding=\"async\" class=\"wp-image-198 size-medium\" src=\"https:\/\/www.schnorpstronik.de\/wp-content\/uploads\/2015\/08\/RJ45-Belegung-Norbert_Martsch-129x300.jpg\" alt=\"Belegung RJ45, Schaltungsauszug Servodeocder SD-8-V3\" width=\"129\" height=\"300\" srcset=\"https:\/\/www.schnorpstronik.de\/wp-content\/uploads\/2015\/08\/RJ45-Belegung-Norbert_Martsch-129x300.jpg 129w, https:\/\/www.schnorpstronik.de\/wp-content\/uploads\/2015\/08\/RJ45-Belegung-Norbert_Martsch.jpg 396w\" sizes=\"auto, (max-width: 129px) 100vw, 129px\" \/><\/a><figcaption class=\"caption wp-caption-text\">Belegung RJ45, Schaltungsauszug Servodeocder SD-8-V3<\/figcaption><\/figure>\n<h2>Weiterf\u00fchrende Links<\/h2>\n<ul>\n<li><a href=\"http:\/\/www.digit-electronic.de\/\" target=\"_blank\" rel=\"noopener noreferrer\">Digit Electronic<\/a> -&gt; unter Rubrik &#8222;Info und\u00a0 RJ45 Patchkabel&#8220;\n<ul>\n<li>Ausf\u00fchrliche (technische) Abhandlung zu diesem Thema<\/li>\n<li>Fertige Module in RJ45-Technik<\/li>\n<\/ul>\n<\/li>\n<\/ul>\n<h2>Verf\u00fcgbare SX-Selbstbauprojekte mit zus\u00e4tzlichen RJ45-Anschl\u00fcssen<\/h2>\n<ul>\n<li><a href=\"https:\/\/www.schnorpstronik.de\/index.php\/selectrix-elektronik\/funktionsdecoder-v2\/\">Funktionsdecoder V2<\/a><\/li>\n<li><a href=\"https:\/\/www.schnorpstronik.de\/index.php\/selectrix-elektronik\/gleisbelegtmelder-v2\/\">Gleisbelegtmelder V2<\/a><\/li>\n<li><a href=\"https:\/\/www.schnorpstronik.de\/index.php\/selectrix-elektronik\/licht-funktionsdecoder-v1\/\">Licht-Funktionsdecoder V1<\/a><\/li>\n<li><a href=\"https:\/\/www.schnorpstronik.de\/index.php\/selectrix-elektronik\/servodecoder-v3\/\">Servodecoder V3<\/a><\/li>\n<li><a href=\"https:\/\/www.schnorpstronik.de\/index.php\/selectrix-elektronik\/verteiler-v2\/\">Verteiler V2<\/a><\/li>\n<\/ul>\n","protected":false},"excerpt":{"rendered":"<p>Die in der SX-Welt bekannten 5-poligen 180\u00b0-DIN-Steckverbinder stellen den Standard zur Verkabelung eines SX-Systems dar. Lange waren DIN-Steckverbinder auch weit verbreitet in der Heim- und Industrieelektronik. Zu Hause fand man DIN-Steckverbinder h\u00e4ufig in Stereo- und HiFi-Bereich. Sowohl im Heim- als &hellip; <a href=\"https:\/\/www.schnorpstronik.de\/index.php\/selectrix\/selectrix-und-rj45-netzwerkkabel\/\">Weiter<\/a><\/p>\n","protected":false},"author":1,"featured_media":0,"parent":144,"menu_order":0,"comment_status":"closed","ping_status":"closed","template":"page-fullwidth.php","meta":{"_themeisle_gutenberg_block_has_review":false,"footnotes":""},"class_list":["post-180","page","type-page","status-publish","hentry"],"_links":{"self":[{"href":"https:\/\/www.schnorpstronik.de\/index.php\/wp-json\/wp\/v2\/pages\/180","targetHints":{"allow":["GET"]}}],"collection":[{"href":"https:\/\/www.schnorpstronik.de\/index.php\/wp-json\/wp\/v2\/pages"}],"about":[{"href":"https:\/\/www.schnorpstronik.de\/index.php\/wp-json\/wp\/v2\/types\/page"}],"author":[{"embeddable":true,"href":"https:\/\/www.schnorpstronik.de\/index.php\/wp-json\/wp\/v2\/users\/1"}],"replies":[{"embeddable":true,"href":"https:\/\/www.schnorpstronik.de\/index.php\/wp-json\/wp\/v2\/comments?post=180"}],"version-history":[{"count":0,"href":"https:\/\/www.schnorpstronik.de\/index.php\/wp-json\/wp\/v2\/pages\/180\/revisions"}],"up":[{"embeddable":true,"href":"https:\/\/www.schnorpstronik.de\/index.php\/wp-json\/wp\/v2\/pages\/144"}],"wp:attachment":[{"href":"https:\/\/www.schnorpstronik.de\/index.php\/wp-json\/wp\/v2\/media?parent=180"}],"curies":[{"name":"wp","href":"https:\/\/api.w.org\/{rel}","templated":true}]}}