{"id":302,"date":"2015-08-20T11:59:33","date_gmt":"2015-08-20T09:59:33","guid":{"rendered":"http:\/\/wp.norbert-martsch.de\/?page_id=302"},"modified":"2025-01-09T10:54:33","modified_gmt":"2025-01-09T09:54:33","slug":"kontakt","status":"publish","type":"page","link":"https:\/\/www.schnorpstronik.de\/index.php\/kontakt\/","title":{"rendered":"Kontakt"},"content":{"rendered":"\n<p>Haben Sie Fragen rund um die hier vorgestellten Selectrix Selbstbauprojekte oder allgemeine Fragen rund um Selectrix, dann haben Sie folgende M\u00f6glichkeiten mit mir in Kontakt zu treten:<\/p>\n\n\n\n<p><strong>E-Mail (bevorzugt):<\/strong><br><a href=\"mailto:sx-elektronik@schnorpstronik.de\">sx-elektronik@schnorpstronik.de<\/a><\/p>\n\n\n\n<p><strong>Telefon:<\/strong><br>Mobil: +49 (0)162 4085887<br>Sofern ich nicht pers\u00f6nlich erreichbar bin, hinterlassen Sie bitte eine Nachricht auf der Mailbox. Ich rufe dann schnellstm\u00f6glich zur\u00fcck.<\/p>\n\n\n\n<p><strong>Forum:<\/strong><br>\n<a href=\"http:\/\/forum.mec-arnsdorf.de\/viewforum.php?f=15\" target=\"_blank\" rel=\"noopener\">Support-Forum des MEC Arnsdorf<\/a><\/p>\n\n\n\n<p><\/p>\n\n\n\n<p><\/p>\n","protected":false},"excerpt":{"rendered":"<p>Haben Sie Fragen rund um die hier vorgestellten Selectrix Selbstbauprojekte oder allgemeine Fragen rund um Selectrix, dann haben Sie folgende M\u00f6glichkeiten mit mir in Kontakt zu treten: E-Mail (bevorzugt):sx-elektronik@schnorpstronik.de Telefon:Mobil: +49 (0)162 4085887Sofern ich nicht pers\u00f6nlich erreichbar bin, hinterlassen Sie &hellip; <a href=\"https:\/\/www.schnorpstronik.de\/index.php\/kontakt\/\">Weiter<\/a><\/p>\n","protected":false},"author":1,"featured_media":0,"parent":0,"menu_order":0,"comment_status":"closed","ping_status":"open","template":"page-fullwidth.php","meta":{"_themeisle_gutenberg_block_has_review":false,"footnotes":""},"class_list":["post-302","page","type-page","status-publish","hentry"],"_links":{"self":[{"href":"https:\/\/www.schnorpstronik.de\/index.php\/wp-json\/wp\/v2\/pages\/302","targetHints":{"allow":["GET"]}}],"collection":[{"href":"https:\/\/www.schnorpstronik.de\/index.php\/wp-json\/wp\/v2\/pages"}],"about":[{"href":"https:\/\/www.schnorpstronik.de\/index.php\/wp-json\/wp\/v2\/types\/page"}],"author":[{"embeddable":true,"href":"https:\/\/www.schnorpstronik.de\/index.php\/wp-json\/wp\/v2\/users\/1"}],"replies":[{"embeddable":true,"href":"https:\/\/www.schnorpstronik.de\/index.php\/wp-json\/wp\/v2\/comments?post=302"}],"version-history":[{"count":3,"href":"https:\/\/www.schnorpstronik.de\/index.php\/wp-json\/wp\/v2\/pages\/302\/revisions"}],"predecessor-version":[{"id":10757,"href":"https:\/\/www.schnorpstronik.de\/index.php\/wp-json\/wp\/v2\/pages\/302\/revisions\/10757"}],"wp:attachment":[{"href":"https:\/\/www.schnorpstronik.de\/index.php\/wp-json\/wp\/v2\/media?parent=302"}],"curies":[{"name":"wp","href":"https:\/\/api.w.org\/{rel}","templated":true}]}}