{"id":416,"date":"2015-11-23T14:30:11","date_gmt":"2015-11-23T13:30:11","guid":{"rendered":"http:\/\/www.norbert-martsch.de\/?page_id=416"},"modified":"2022-12-31T11:31:44","modified_gmt":"2022-12-31T10:31:44","slug":"funktionsdecoder-v2","status":"publish","type":"page","link":"https:\/\/www.schnorpstronik.de\/index.php\/selectrix-elektronik\/funktionsdecoder-v2\/","title":{"rendered":"Funktionsdecoder V2"},"content":{"rendered":"<h2>Allgemeines<\/h2>\n<figure id=\"attachment_418\" class=\"thumbnail wp-caption alignright\" style=\"width: 150px\"><a href=\"https:\/\/www.schnorpstronik.de\/wp-content\/uploads\/2015\/11\/FD-8-16-V2-oben.jpg\"><img loading=\"lazy\" decoding=\"async\" class=\"wp-image-418 size-thumbnail\" src=\"https:\/\/www.schnorpstronik.de\/wp-content\/uploads\/2015\/11\/FD-8-16-V2-oben-150x150.jpg\" alt=\"FD-8-16-V2\" width=\"150\" height=\"150\"><\/a><figcaption class=\"caption wp-caption-text\">FD-8-16-V2<\/figcaption><\/figure>\n<p>Der FD-8-16-V2 ist ein station\u00e4rer Funktionsdecoder f\u00fcr das Selectrix-System. Dieser kann als Weichendecoder, Magnetartikeldecoder oder Schaltdecoder f\u00fcr vielf\u00e4ltige Aufgaben eingesetzt werden.<br>\nHerzst\u00fcck ist ein AVR ATmega32, welcher die komplette Signalverarbeitung \u00fcbernimmt und mit 8MHz getaktet ist. SX-Bus-seitig ist, wie bei den anderen Selbstbauprojekten auch, ein Komparator verantwortlich, exakt die Informationen vom SX-Bus zu verarbeiten &#8211; ein Plus an Betriebssicherheit.<br>\nNeben den bekannten 5-poligen DIN-SX-Buchsen, besitzt der FD-8-16-V2 auch RJ45-Buchsen zur gleichberechtigten Verkablung des SX-Bus in RJ45-Technik. Mehr Infos hierzu siehe:&nbsp;<a href=\"https:\/\/www.schnorpstronik.de\/index.php\/selectrix\/selectrix-und-rj45-netzwerkkabel\/\">Selectrix und RJ45-Netzwerkkabel<\/a>. Das neue Layout erm\u00f6glicht zudem dem Einsatz eines optionalen Geh\u00e4uses (Hammond Serie 1591, Reichelt Art.-Nr. 1591CFLBK).<\/p>\n<h3>Hinweis f\u00fcr den Nachbau\/Aufbau<\/h3>\n<p>Die Widerst\u00e4nde R12 (10 kOhm), R13 (30 kOhm), R14 (47 kOhm) und R15 (16 kOhm) sind als Pr\u00e4zisions-Metallschicht-Widerst\u00e4nde auszuf\u00fchren (Toleranz &lt;= 1%). F\u00fcr Reichelt sind das die Bestellnummern beginnend mit &#8222;METALL xxx&#8220; (Toleranz 1%) und &#8222;MPR xxx&#8220; (Toleranz 0,1%). xxx = Widerstandswert<br>\nGew\u00f6hnliche Kohleschichtwiderst\u00e4nde k\u00f6nnen bei ung\u00fcnstiger Toleranzlage (5%) die Kurzschlusserkennung st\u00f6ren.<\/p>\n<h3>Vorg\u00e4ngerversion<\/h3>\n<p>Die Version FD-8-16-V1 ist ins Archiv umgezogen. Link:<\/p>\n<ul>\n<li><a href=\"https:\/\/www.schnorpstronik.de\/index.php\/selectrix-elektronik\/funktionsdecoder-v1\/\">FD-8-16-V1<\/a><\/li>\n<\/ul>\n<h2>Funktionen<\/h2>\n<p>Folgende Funktionen\/Leistungsmerkmale wurden umgesetzt:<\/p>\n<ul>\n<li>Betriebsart 1:\n<ul>\n<li>8 alternierende Ausg\u00e4nge f\u00fcr den Betrieb als Weichendecoder, sequentielles Schalten der Ausg\u00e4nge &#8211; 1 SX-Adresse ben\u00f6tigt, frei im Bereich 0&#8230;103 programmierbar<\/li>\n<li>Impulsbetrieb oder Dauerbetrieb f\u00fcr jedes Ausgangspaar<\/li>\n<li>geeignet f\u00fcr Weichenantriebe mit Dauerplus und geschalteter Masse (viele Magnetantriebe und auch der motorische Antrieb MP1 von mtb)<\/li>\n<\/ul>\n<\/li>\n<li>Betriebsart 2:\n<ul>\n<li>16 einzeln ansteuerbare Ausg\u00e4nge &#8211; 2 SX-Adressen ben\u00f6tigt, beide frei im Bereich 0&#8230;103 programmierbar<\/li>\n<li>Impulsbetrieb oder Dauerbetrieb f\u00fcr jeden Ausgang separat programmierbar.<\/li>\n<li>Impulsdauer im Bereich 0,1&#8230;25,5 Sekunden in 0,1s-Schritten programmierbar.<\/li>\n<li>Abspeichern des letzten Zustandes in beiden Betriebsarten programmierbar<\/li>\n<li>Elektronische \u00dcberstrom-\/Kurzschlusssicherung zur Absicherung der Ausgangsstufen und der angeschlossenen Komponenten, automatisches Wiedereinschalten der Ausg\u00e4nge sobald \u00dcberstrom\/Kurzschluss behoben. Diese Absicherung kann \u00fcber die Programmierung auch deaktiviert werden.<\/li>\n<li>Zus\u00e4tzliche Absicherung der Schaltung durch einen PTC<\/li>\n<li>Maximale Belastbarkeit der Ausg\u00e4nge: 1,5A je Ausgang, jedoch 3A f\u00fcr den Gesamtdecoder<\/li>\n<li>Komplett \u00fcber den SX-Bus programmierbar &#8211; daf\u00fcr werden im Programmiermodus die SX-Adressen 1 und 2 ben\u00f6tigt.<\/li>\n<\/ul>\n<\/li>\n<\/ul>\n<h2>Technisches<\/h2>\n<p>Als Plus f\u00fcr die Betriebssicherheit des Funktionsdecoders selbst, aber auch der angeschlossenen Verbraucher, besitzt der FD-8-16-V2 eine elektronische \u00dcberstrom- und Kurzschlusserkennung. Diese deaktiviert automatisch die Endstufen des Decoders und schaltet selbstst\u00e4ndig wieder zu, sobald der Fehlerfall beseitigt wurde. Zus\u00e4tzlich sch\u00fctzt ein PTC (temperaturabh\u00e4ngige Sicherung) den Funktionsdecoder sowie die angeschlossenen Verbraucher.<\/p>\n<p>Versorgungsspannung:<\/p>\n<ul>\n<li>12&#8230;24V AC\/DC<\/li>\n<\/ul>\n<p>Belastbarkeit der Ausg\u00e4nge:<\/p>\n<ul>\n<li>max. 1,5A pro Ausgang<\/li>\n<li>max. 3,1A f\u00fcr das gesamte Modul<\/li>\n<\/ul>\n<figure id=\"attachment_680\" class=\"thumbnail wp-caption aligncenter\" style=\"width: 1024px\"><a href=\"https:\/\/www.schnorpstronik.de\/wp-content\/uploads\/2015\/11\/FD-8-16-V2_1_1-sch.jpg\"><img loading=\"lazy\" decoding=\"async\" class=\"wp-image-680 size-large\" src=\"https:\/\/www.schnorpstronik.de\/wp-content\/uploads\/2015\/11\/FD-8-16-V2_1_1-sch-1024x724.jpg\" alt=\"FD-8-16-V2.1.1 Schaltplan\" width=\"1024\" height=\"724\" srcset=\"https:\/\/www.schnorpstronik.de\/wp-content\/uploads\/2015\/11\/FD-8-16-V2_1_1-sch-1024x724.jpg 1024w, https:\/\/www.schnorpstronik.de\/wp-content\/uploads\/2015\/11\/FD-8-16-V2_1_1-sch-300x212.jpg 300w, https:\/\/www.schnorpstronik.de\/wp-content\/uploads\/2015\/11\/FD-8-16-V2_1_1-sch-768x543.jpg 768w\" sizes=\"auto, (max-width: 1024px) 100vw, 1024px\" \/><\/a><figcaption class=\"caption wp-caption-text\">FD-8-16-V2.1.1 Schaltplan<\/figcaption><\/figure>\n\n\n<h2 class=\"wp-block-heading\">Downloads<\/h2>\n\n\n\n<ul class=\"wp-block-list\">\n<li><a href=\"https:\/\/www.schnorpstronik.de\/wp-content\/uploads\/2015\/11\/fd-8-16-v2-1.zip\" data-type=\"attachment\" data-id=\"683\" target=\"_blank\" rel=\"noreferrer noopener\">FD-8-16-V2<\/a><\/li>\n<\/ul>\n","protected":false},"excerpt":{"rendered":"<p>Allgemeines Der FD-8-16-V2 ist ein station\u00e4rer Funktionsdecoder f\u00fcr das Selectrix-System. Dieser kann als Weichendecoder, Magnetartikeldecoder oder Schaltdecoder f\u00fcr vielf\u00e4ltige Aufgaben eingesetzt werden. Herzst\u00fcck ist ein AVR ATmega32, welcher die komplette Signalverarbeitung \u00fcbernimmt und mit 8MHz getaktet ist. SX-Bus-seitig ist, wie &hellip; <a href=\"https:\/\/www.schnorpstronik.de\/index.php\/selectrix-elektronik\/funktionsdecoder-v2\/\">Weiter<\/a><\/p>\n","protected":false},"author":1,"featured_media":0,"parent":84,"menu_order":0,"comment_status":"open","ping_status":"closed","template":"page-fullwidth.php","meta":{"_themeisle_gutenberg_block_has_review":false,"footnotes":""},"class_list":["post-416","page","type-page","status-publish","hentry"],"_links":{"self":[{"href":"https:\/\/www.schnorpstronik.de\/index.php\/wp-json\/wp\/v2\/pages\/416","targetHints":{"allow":["GET"]}}],"collection":[{"href":"https:\/\/www.schnorpstronik.de\/index.php\/wp-json\/wp\/v2\/pages"}],"about":[{"href":"https:\/\/www.schnorpstronik.de\/index.php\/wp-json\/wp\/v2\/types\/page"}],"author":[{"embeddable":true,"href":"https:\/\/www.schnorpstronik.de\/index.php\/wp-json\/wp\/v2\/users\/1"}],"replies":[{"embeddable":true,"href":"https:\/\/www.schnorpstronik.de\/index.php\/wp-json\/wp\/v2\/comments?post=416"}],"version-history":[{"count":0,"href":"https:\/\/www.schnorpstronik.de\/index.php\/wp-json\/wp\/v2\/pages\/416\/revisions"}],"up":[{"embeddable":true,"href":"https:\/\/www.schnorpstronik.de\/index.php\/wp-json\/wp\/v2\/pages\/84"}],"wp:attachment":[{"href":"https:\/\/www.schnorpstronik.de\/index.php\/wp-json\/wp\/v2\/media?parent=416"}],"curies":[{"name":"wp","href":"https:\/\/api.w.org\/{rel}","templated":true}]}}