{"id":554,"date":"2016-08-03T07:59:13","date_gmt":"2016-08-03T05:59:13","guid":{"rendered":"http:\/\/www.norbert-martsch.de\/?page_id=554"},"modified":"2018-01-30T07:43:04","modified_gmt":"2018-01-30T06:43:04","slug":"testanlage-spur-n","status":"publish","type":"page","link":"https:\/\/www.schnorpstronik.de\/index.php\/modellbahn\/testanlage-spur-n\/","title":{"rendered":"Testanlage Spur N"},"content":{"rendered":"<p>F\u00fcr zu Hause habe ich mich f\u00fcr Spur N entschieden, auch wenn im Verein (<a href=\"http:\/\/www.mec-arnsdorf.de\" target=\"_blank\" rel=\"noopener\">MEC Arnsdorf e.V.<\/a>) mein Modellbahnleben in Spur H0 stattfindet. Wie sooft Hauptgrund f\u00fcr Spur N: Platz, Platz und nochmals Platz. Das Hobby Modellbahn ist bei mir sehr stark mit dem Interesse an Elektronik verbunden, sodass ich zwar schon einiges an Modellbahn-Elektronik (vorrangig f\u00fcr das Selectrix-Digitalsystem) entwickelt und gebaut habe, jedoch keine eigene, richtige, komplette Anlage. Damit sich das \u00e4ndert und keine (ok, m\u00f6glichst wenig) Anf\u00e4ngerfehler in die &#8222;ordentliche&#8220; Anlage einbau, habe ich mich zum Bau einer Testanlage entschieden.<\/p>\n<p>Testanlage&#8230; Was soll getestet werden? Zum einen soll die Anlage &#8222;Spielplatz&#8220; f\u00fcr Elektronik sein, zum anderen m\u00f6chte ich mich an der Ausgestaltung einer Landschaft versuchen &#8211; Premiere f\u00fcr mich. Da ich bisher schon auf dem Couchtisch mein Spieloval aufgebaut hatte, kam mir der Gedanke, warum nicht gleich diesen als baulichen Untergrund nehmen?! Der Couchtisch ist ein Ikea-Tisch namens &#8222;Lack&#8220; mit den Ma\u00dfen 90x55x45cm (LxBxH).<\/p>\n<p>Auf diesen habe ich 2mm Kork vollfl\u00e4chig aufgeklebt, die Gleise in einfacher Doppeloval-Manier mit ein paar Weichen drapiert. Die Befestigung des Gleismaterials habe ich mit N\u00e4geln realisiert. Was ich am Anfang untersch\u00e4tzt habe: Durch den Aufbau der Tischplatte, bestehend aus 2 d\u00fcnnen Deckschichten mit dazwischenliegender Wabenstruktur entstehen folgende Probleme:<\/p>\n<ul>\n<li>Das Durchstecken der Anschlu\u00dflitze durch die Tischplatte erweist sich als schwierig, da die nicht formstabile Litze gern beim Durchstecken in der Wabenstruktur aufstaucht und nicht die Austritts\u00f6ffnung findet. Um das Durchstecken zu erleichtern, habe ich gleisseitig mit einem 2mm-Bohrer komplett durchgebohrt und die untere \u00d6ffnung mit 4mm aufgebohrt.<\/li>\n<li>Die d\u00fcnnen Deckschichten der Tischplatte bieten Schrauben wenig Halt. Schraubbefestigungen habe ich somit teils mit Hei\u00dfkleber zus\u00e4tzlich unterst\u00fctzt.<\/li>\n<li>Am Rand des Tischs verl\u00e4uft eine versteifende Holzleiste. Langl\u00f6cher f\u00fcr die Weichen und deren Servo-Antrieb k\u00f6nnen somit nicht bis an den Tischrand heran gezogen werden.<\/li>\n<\/ul>\n<div>\n<p>Trotz der eben genannten Probleme sprachen folgende Punkte f\u00fcr den Ikea-Tisch:<\/p>\n<\/div>\n<div>\n<ul>\n<li>F\u00fcr eine so kleine Modellbahn recht stabil.<\/li>\n<li>Sehr g\u00fcnstig im Einkauf.<\/li>\n<li>Platte mit Beinen fix und fertig, zudem sehr leicht.<\/li>\n<\/ul>\n<div>\n<p>Die weiteren Details zur Testanlage (Gleise, Elektrik, Mechanik, Landschaft) schreibe ich in separaten Artikeln, sodass eine gewisse \u00dcbersicht gewahrt bleibt.<\/p>\n<p>&nbsp;<\/p>\n<figure id=\"attachment_555\" class=\"thumbnail wp-caption aligncenter\" style=\"width: 300px\"><a href=\"https:\/\/www.schnorpstronik.de\/wp-content\/uploads\/2016\/08\/ansicht_oben_komplett-2016-07-24.jpg\"><img loading=\"lazy\" decoding=\"async\" class=\"wp-image-555 size-medium\" src=\"https:\/\/www.schnorpstronik.de\/wp-content\/uploads\/2016\/08\/ansicht_oben_komplett-2016-07-24-300x156.jpg\" alt=\"Testanlage, Layout von oben (Arbeitsstand 24.07.2016)\" width=\"300\" height=\"156\" srcset=\"https:\/\/www.schnorpstronik.de\/wp-content\/uploads\/2016\/08\/ansicht_oben_komplett-2016-07-24-300x156.jpg 300w, https:\/\/www.schnorpstronik.de\/wp-content\/uploads\/2016\/08\/ansicht_oben_komplett-2016-07-24-768x401.jpg 768w, https:\/\/www.schnorpstronik.de\/wp-content\/uploads\/2016\/08\/ansicht_oben_komplett-2016-07-24-1024x534.jpg 1024w\" sizes=\"auto, (max-width: 300px) 100vw, 300px\" \/><\/a><figcaption class=\"caption wp-caption-text\">Testanlage, Layout von oben (Arbeitsstand 24.07.2016)<\/figcaption><\/figure>\n<\/div>\n<\/div>\n<p>&nbsp;<\/p>\n<figure id=\"attachment_556\" class=\"thumbnail wp-caption aligncenter\" style=\"width: 169px\"><a href=\"https:\/\/www.schnorpstronik.de\/wp-content\/uploads\/2016\/08\/ansicht_unten_komplett-2016-07-24.jpg\"><img loading=\"lazy\" decoding=\"async\" class=\"wp-image-556 size-medium\" src=\"https:\/\/www.schnorpstronik.de\/wp-content\/uploads\/2016\/08\/ansicht_unten_komplett-2016-07-24-169x300.jpg\" alt=\"Testanlage, Ansicht von unten (Arbeitsstand 24.07.2016)\" width=\"169\" height=\"300\" srcset=\"https:\/\/www.schnorpstronik.de\/wp-content\/uploads\/2016\/08\/ansicht_unten_komplett-2016-07-24-169x300.jpg 169w, https:\/\/www.schnorpstronik.de\/wp-content\/uploads\/2016\/08\/ansicht_unten_komplett-2016-07-24-768x1366.jpg 768w, https:\/\/www.schnorpstronik.de\/wp-content\/uploads\/2016\/08\/ansicht_unten_komplett-2016-07-24-576x1024.jpg 576w, https:\/\/www.schnorpstronik.de\/wp-content\/uploads\/2016\/08\/ansicht_unten_komplett-2016-07-24.jpg 1406w\" sizes=\"auto, (max-width: 169px) 100vw, 169px\" \/><\/a><figcaption class=\"caption wp-caption-text\">Testanlage, Ansicht von unten (Arbeitsstand 24.07.2016)<\/figcaption><\/figure>\n<p>&nbsp;<\/p>\n<figure id=\"attachment_557\" class=\"thumbnail wp-caption aligncenter\" style=\"width: 300px\"><a href=\"https:\/\/www.schnorpstronik.de\/wp-content\/uploads\/2016\/08\/ludmilla-2016-07-24.jpg\"><img loading=\"lazy\" decoding=\"async\" class=\"wp-image-557 size-medium\" src=\"https:\/\/www.schnorpstronik.de\/wp-content\/uploads\/2016\/08\/ludmilla-2016-07-24-300x169.jpg\" alt=\"Brawa 232 &quot;Ludmilla&quot; auf Testfahrt\" width=\"300\" height=\"169\" srcset=\"https:\/\/www.schnorpstronik.de\/wp-content\/uploads\/2016\/08\/ludmilla-2016-07-24-300x169.jpg 300w, https:\/\/www.schnorpstronik.de\/wp-content\/uploads\/2016\/08\/ludmilla-2016-07-24-768x432.jpg 768w, https:\/\/www.schnorpstronik.de\/wp-content\/uploads\/2016\/08\/ludmilla-2016-07-24-1024x576.jpg 1024w\" sizes=\"auto, (max-width: 300px) 100vw, 300px\" \/><\/a><figcaption class=\"caption wp-caption-text\">Brawa 232 &#8222;Ludmilla&#8220; auf Testfahrt<\/figcaption><\/figure>\n","protected":false},"excerpt":{"rendered":"<p>F\u00fcr zu Hause habe ich mich f\u00fcr Spur N entschieden, auch wenn im Verein (MEC Arnsdorf e.V.) mein Modellbahnleben in Spur H0 stattfindet. Wie sooft Hauptgrund f\u00fcr Spur N: Platz, Platz und nochmals Platz. Das Hobby Modellbahn ist bei mir &hellip; <a href=\"https:\/\/www.schnorpstronik.de\/index.php\/modellbahn\/testanlage-spur-n\/\">Weiter<\/a><\/p>\n","protected":false},"author":1,"featured_media":0,"parent":566,"menu_order":0,"comment_status":"open","ping_status":"open","template":"page-fullwidth.php","meta":{"_themeisle_gutenberg_block_has_review":false,"footnotes":""},"class_list":["post-554","page","type-page","status-publish","hentry"],"_links":{"self":[{"href":"https:\/\/www.schnorpstronik.de\/index.php\/wp-json\/wp\/v2\/pages\/554","targetHints":{"allow":["GET"]}}],"collection":[{"href":"https:\/\/www.schnorpstronik.de\/index.php\/wp-json\/wp\/v2\/pages"}],"about":[{"href":"https:\/\/www.schnorpstronik.de\/index.php\/wp-json\/wp\/v2\/types\/page"}],"author":[{"embeddable":true,"href":"https:\/\/www.schnorpstronik.de\/index.php\/wp-json\/wp\/v2\/users\/1"}],"replies":[{"embeddable":true,"href":"https:\/\/www.schnorpstronik.de\/index.php\/wp-json\/wp\/v2\/comments?post=554"}],"version-history":[{"count":0,"href":"https:\/\/www.schnorpstronik.de\/index.php\/wp-json\/wp\/v2\/pages\/554\/revisions"}],"up":[{"embeddable":true,"href":"https:\/\/www.schnorpstronik.de\/index.php\/wp-json\/wp\/v2\/pages\/566"}],"wp:attachment":[{"href":"https:\/\/www.schnorpstronik.de\/index.php\/wp-json\/wp\/v2\/media?parent=554"}],"curies":[{"name":"wp","href":"https:\/\/api.w.org\/{rel}","templated":true}]}}