{"id":566,"date":"2016-08-03T08:11:15","date_gmt":"2016-08-03T06:11:15","guid":{"rendered":"http:\/\/www.norbert-martsch.de\/?page_id=566"},"modified":"2025-01-13T14:21:53","modified_gmt":"2025-01-13T13:21:53","slug":"modellbahn","status":"publish","type":"page","link":"https:\/\/www.schnorpstronik.de\/index.php\/modellbahn\/","title":{"rendered":"Modellbahn"},"content":{"rendered":"<p>In diesem Bereich berichte ich \u00fcber meine Aktivit\u00e4ten, die nicht direkt die SX-Elektronik-Entwicklung betreffen, wohl aber beinhalten k\u00f6nnen \ud83d\ude09<br \/>\nFolgende Seiten sind zun\u00e4chst online:<\/p>\n<ul>\n<li><a href=\"https:\/\/www.schnorpstronik.de\/index.php\/modellbahn\/fluegelsignale-formsignale-3d-druck-h0\/\">Fl\u00fcgelsignale (Formsignale) 3D Druck H0<\/a><\/li>\n<li><a href=\"https:\/\/www.schnorpstronik.de\/index.php\/testanlage-spur-n\/\">Testanlage in Spur N<\/a><\/li>\n<li><a href=\"https:\/\/www.schnorpstronik.de\/index.php\/testanlage-spur-n\/testanlage-elektronik-und-elektrik\/\">Testanlage Elektrik und Elektronik<\/a><\/li>\n<li><a href=\"https:\/\/www.schnorpstronik.de\/index.php\/modellbahn\/fahrzeuge-auf-und-umarbeiten\/\">Fahrzeuge auf- und umarbeiten<\/a><\/li>\n<\/ul>\n<p>Viel Spa\u00df beim Lesen! Gern k\u00f6nnen auf den Modellbahn-Seiten auch Kommentare hinterlassen werden &#8211; ich freue mich \u00fcber konstruktive Kritiken.<\/p>\n<figure id=\"attachment_567\" class=\"thumbnail wp-caption aligncenter\" style=\"width: 1024px\"><a href=\"https:\/\/www.schnorpstronik.de\/wp-content\/uploads\/2016\/08\/br_245_und_br_180-2016-07-24.jpg\"><img loading=\"lazy\" decoding=\"async\" class=\"wp-image-567 size-large\" src=\"https:\/\/www.schnorpstronik.de\/wp-content\/uploads\/2016\/08\/br_245_und_br_180-2016-07-24-1024x633.jpg\" alt=\"BR 245 und BR 180 (&quot;Kn\u00f6delpresse&quot;) auf Testfahrt\" width=\"1024\" height=\"633\" srcset=\"https:\/\/www.schnorpstronik.de\/wp-content\/uploads\/2016\/08\/br_245_und_br_180-2016-07-24-1024x633.jpg 1024w, https:\/\/www.schnorpstronik.de\/wp-content\/uploads\/2016\/08\/br_245_und_br_180-2016-07-24-300x185.jpg 300w, https:\/\/www.schnorpstronik.de\/wp-content\/uploads\/2016\/08\/br_245_und_br_180-2016-07-24-768x475.jpg 768w, https:\/\/www.schnorpstronik.de\/wp-content\/uploads\/2016\/08\/br_245_und_br_180-2016-07-24-80x50.jpg 80w\" sizes=\"auto, (max-width: 1024px) 100vw, 1024px\" \/><\/a><figcaption class=\"caption wp-caption-text\">BR 245 und BR 180 (&#8222;Kn\u00f6delpresse&#8220;) auf Testfahrt<\/figcaption><\/figure>\n","protected":false},"excerpt":{"rendered":"<p>In diesem Bereich berichte ich \u00fcber meine Aktivit\u00e4ten, die nicht direkt die SX-Elektronik-Entwicklung betreffen, wohl aber beinhalten k\u00f6nnen \ud83d\ude09 Folgende Seiten sind zun\u00e4chst online: Fl\u00fcgelsignale (Formsignale) 3D Druck H0 Testanlage in Spur N Testanlage Elektrik und Elektronik Fahrzeuge auf- und &hellip; <a href=\"https:\/\/www.schnorpstronik.de\/index.php\/modellbahn\/\">Weiter<\/a><\/p>\n","protected":false},"author":1,"featured_media":0,"parent":0,"menu_order":0,"comment_status":"open","ping_status":"closed","template":"page-fullwidth.php","meta":{"_themeisle_gutenberg_block_has_review":false,"footnotes":""},"class_list":["post-566","page","type-page","status-publish","hentry"],"_links":{"self":[{"href":"https:\/\/www.schnorpstronik.de\/index.php\/wp-json\/wp\/v2\/pages\/566","targetHints":{"allow":["GET"]}}],"collection":[{"href":"https:\/\/www.schnorpstronik.de\/index.php\/wp-json\/wp\/v2\/pages"}],"about":[{"href":"https:\/\/www.schnorpstronik.de\/index.php\/wp-json\/wp\/v2\/types\/page"}],"author":[{"embeddable":true,"href":"https:\/\/www.schnorpstronik.de\/index.php\/wp-json\/wp\/v2\/users\/1"}],"replies":[{"embeddable":true,"href":"https:\/\/www.schnorpstronik.de\/index.php\/wp-json\/wp\/v2\/comments?post=566"}],"version-history":[{"count":2,"href":"https:\/\/www.schnorpstronik.de\/index.php\/wp-json\/wp\/v2\/pages\/566\/revisions"}],"predecessor-version":[{"id":10786,"href":"https:\/\/www.schnorpstronik.de\/index.php\/wp-json\/wp\/v2\/pages\/566\/revisions\/10786"}],"wp:attachment":[{"href":"https:\/\/www.schnorpstronik.de\/index.php\/wp-json\/wp\/v2\/media?parent=566"}],"curies":[{"name":"wp","href":"https:\/\/api.w.org\/{rel}","templated":true}]}}