{"id":63,"date":"2015-08-17T15:24:36","date_gmt":"2015-08-17T13:24:36","guid":{"rendered":"http:\/\/wp.norbert-martsch.de\/?page_id=63"},"modified":"2022-12-31T11:27:15","modified_gmt":"2022-12-31T10:27:15","slug":"relaiserweiterung-v2","status":"publish","type":"page","link":"https:\/\/www.schnorpstronik.de\/index.php\/selectrix-elektronik\/relaiserweiterung-v2\/","title":{"rendered":"Relaiserweiterung V2"},"content":{"rendered":"<h2>Allgemeines<\/h2>\n<figure id=\"attachment_231\" class=\"thumbnail wp-caption alignright\" style=\"width: 150px\"><a href=\"https:\/\/www.schnorpstronik.de\/index.php\/selectrix-elektronik\/relaiserweiterung-v2\/re-v2_1_1-oben\/\"><img loading=\"lazy\" decoding=\"async\" class=\"wp-image-231 size-thumbnail\" src=\"https:\/\/www.schnorpstronik.de\/wp-content\/uploads\/2015\/08\/re-v2_1_1-oben-150x150.jpg\" alt=\"RE-V2.1.1 komplett best\u00fcckt\" width=\"150\" height=\"150\"><\/a><figcaption class=\"caption wp-caption-text\">RE-V2.1.1 komplett best\u00fcckt<\/figcaption><\/figure>\n<p>Die Relaiserweiterung V2 (RE-V2) ist die Weiterentwicklung der RE-V1. Mit Hilfe der RE-V2 k\u00f6nnen 8 Relais vom Servodecoder aus angesteuert werden, mit welchen Herzst\u00fccke und Zungen-Schienen von Weichen polarisiert werden k\u00f6nnen. Die RE-V2 ist kompatibel zum ebenfalls hier vorgestellten SX-Servodecoder SD-8-V3 sowie dem Vorg\u00e4nger SD-8-V2 und dem SX-Servodecoder V4 der Firma MTTM.<\/p>\n<h2>Funktionen \/ Technisches<\/h2>\n<p>Die RE-V2 ist eine Baugruppe ohne eigene &#8222;Intelligenz&#8220;, d.h. es ist kein Prozessor samt Firmware verbaut. Angesteuert wird die RE-V2 \u00fcber Spannungspegel, welche der jeweilige Servodecoder ausgibt.<br>\nBetrieben&nbsp;wird die RE-V2 \u00fcber eine anzuschlie\u00dfende externe Versorgungsspannung im Bereich:<\/p>\n<ul>\n<li>AC\/DC: 12&#8230;16V<\/li>\n<\/ul>\n<figure id=\"attachment_234\" class=\"thumbnail wp-caption aligncenter\" style=\"width: 940px\"><a href=\"https:\/\/www.schnorpstronik.de\/index.php\/selectrix-elektronik\/relaiserweiterung-v2\/re-v2_1_1-sch\/\"><img loading=\"lazy\" decoding=\"async\" class=\"wp-image-234 size-large\" src=\"https:\/\/www.schnorpstronik.de\/wp-content\/uploads\/2015\/08\/re-v2_1_1-sch-1024x724.jpg\" alt=\"RE-V2.1.1 - Schaltplan\" width=\"940\" height=\"665\" srcset=\"https:\/\/www.schnorpstronik.de\/wp-content\/uploads\/2015\/08\/re-v2_1_1-sch-1024x724.jpg 1024w, https:\/\/www.schnorpstronik.de\/wp-content\/uploads\/2015\/08\/re-v2_1_1-sch-300x212.jpg 300w, https:\/\/www.schnorpstronik.de\/wp-content\/uploads\/2015\/08\/re-v2_1_1-sch-424x300.jpg 424w, https:\/\/www.schnorpstronik.de\/wp-content\/uploads\/2015\/08\/re-v2_1_1-sch.jpg 1920w\" sizes=\"auto, (max-width: 940px) 100vw, 940px\" \/><\/a><figcaption class=\"caption wp-caption-text\">RE-V2.1.1 &#8211; Schaltplan<\/figcaption><\/figure>\n\n\n<h2 class=\"wp-block-heading\">Downloads<\/h2>\n\n\n\n<ul class=\"wp-block-list\">\n<li><a href=\"https:\/\/www.schnorpstronik.de\/wp-content\/uploads\/2015\/08\/re-v2.zip\" data-type=\"attachment\" data-id=\"230\" target=\"_blank\" rel=\"noreferrer noopener\">RE-V2<\/a><\/li>\n<\/ul>\n","protected":false},"excerpt":{"rendered":"<p>Allgemeines Die Relaiserweiterung V2 (RE-V2) ist die Weiterentwicklung der RE-V1. Mit Hilfe der RE-V2 k\u00f6nnen 8 Relais vom Servodecoder aus angesteuert werden, mit welchen Herzst\u00fccke und Zungen-Schienen von Weichen polarisiert werden k\u00f6nnen. Die RE-V2 ist kompatibel zum ebenfalls hier vorgestellten &hellip; <a href=\"https:\/\/www.schnorpstronik.de\/index.php\/selectrix-elektronik\/relaiserweiterung-v2\/\">Weiter<\/a><\/p>\n","protected":false},"author":1,"featured_media":0,"parent":84,"menu_order":0,"comment_status":"open","ping_status":"open","template":"page-fullwidth.php","meta":{"_themeisle_gutenberg_block_has_review":false,"footnotes":""},"class_list":["post-63","page","type-page","status-publish","hentry"],"_links":{"self":[{"href":"https:\/\/www.schnorpstronik.de\/index.php\/wp-json\/wp\/v2\/pages\/63","targetHints":{"allow":["GET"]}}],"collection":[{"href":"https:\/\/www.schnorpstronik.de\/index.php\/wp-json\/wp\/v2\/pages"}],"about":[{"href":"https:\/\/www.schnorpstronik.de\/index.php\/wp-json\/wp\/v2\/types\/page"}],"author":[{"embeddable":true,"href":"https:\/\/www.schnorpstronik.de\/index.php\/wp-json\/wp\/v2\/users\/1"}],"replies":[{"embeddable":true,"href":"https:\/\/www.schnorpstronik.de\/index.php\/wp-json\/wp\/v2\/comments?post=63"}],"version-history":[{"count":0,"href":"https:\/\/www.schnorpstronik.de\/index.php\/wp-json\/wp\/v2\/pages\/63\/revisions"}],"up":[{"embeddable":true,"href":"https:\/\/www.schnorpstronik.de\/index.php\/wp-json\/wp\/v2\/pages\/84"}],"wp:attachment":[{"href":"https:\/\/www.schnorpstronik.de\/index.php\/wp-json\/wp\/v2\/media?parent=63"}],"curies":[{"name":"wp","href":"https:\/\/api.w.org\/{rel}","templated":true}]}}