{"id":68,"date":"2015-08-17T15:26:04","date_gmt":"2015-08-17T13:26:04","guid":{"rendered":"http:\/\/wp.norbert-martsch.de\/?page_id=68"},"modified":"2022-12-31T11:30:24","modified_gmt":"2022-12-31T10:30:24","slug":"funktionsdecoder-v1","status":"publish","type":"page","link":"https:\/\/www.schnorpstronik.de\/index.php\/selectrix-elektronik\/funktionsdecoder-v1\/","title":{"rendered":"Funktionsdecoder V1"},"content":{"rendered":"<h2>Allgemeines<\/h2>\n<figure id=\"attachment_271\" class=\"thumbnail wp-caption alignright\" style=\"width: 150px\"><a href=\"https:\/\/www.schnorpstronik.de\/index.php\/selectrix-elektronik\/funktionsdecoder-v1\/fd-8-16-v1-oben\/\"><img loading=\"lazy\" decoding=\"async\" class=\"wp-image-271 size-thumbnail\" src=\"https:\/\/www.schnorpstronik.de\/wp-content\/uploads\/2015\/08\/fd-8-16-v1-oben-150x150.jpg\" alt=\"FD-8-16-V1\" width=\"150\" height=\"150\"><\/a><figcaption class=\"caption wp-caption-text\">FD-8-16-V1<\/figcaption><\/figure>\n<p>Der FD-8-16-V1 ist ein station\u00e4rer Funktionsdecoder f\u00fcr das Selectrix-System. Dieser kann als Weichendecoder, Magnetartikeldecoder oder Schaltdecoder f\u00fcr vielf\u00e4ltige Aufgaben eingesetzt werden.<br>\nHerzst\u00fcck ist ein AVR ATmega32, welcher die komplette Signalverarbeitung \u00fcbernimmt und mit 8MHz getaktet ist. SX-Bus-seitig ist, wie bei den anderen Selbstbauprojekten auch, ein Komparator verantwortlich, exakt die Informationen vom SX-Bus zu verarbeiten &#8211; ein Plus an Betriebssicherheit.<\/p>\n<h2>Funktionen<\/h2>\n<p>Folgende Funktionen\/Leistungsmerkmale wurden umgesetzt:<\/p>\n<ul>\n<li>Betriebsart 1:\n<ul>\n<li>8 alternierende Ausg\u00e4nge f\u00fcr den Betrieb als Weichendecoder, sequentielles Schalten der Ausg\u00e4nge &#8211; 1 SX-Adresse ben\u00f6tigt, frei im Bereich 0&#8230;103 programmierbar<\/li>\n<li>Impulsbetrieb oder Dauerbetrieb f\u00fcr jedes Ausgangspaar<\/li>\n<\/ul>\n<\/li>\n<li>Betriebsart 2:\n<ul>\n<li>16 einzeln ansteuerbare Ausg\u00e4nge &#8211; 2 SX-Adressen ben\u00f6tigt, beide frei im Bereich 0&#8230;103 programmierbar<\/li>\n<li>Impulsbetrieb oder Dauerbetrieb f\u00fcr jeden Ausgang separat programmierbar.<\/li>\n<li>Impulsdauer im Bereich 0,1&#8230;25,5 Sekunden in 0,1s-Schritten programmierbar.<\/li>\n<li>Abspeichern des letzten Zustandes in beiden Betriebsarten programmierbar<\/li>\n<li>Elektronische \u00dcberstrom-\/Kurzschlusssicherung zur Absicherung der Ausgangsstufen und der angeschlossenen Komponenten, automatisches Wiedereinschalten der Ausg\u00e4nge sobald \u00dcberstrom\/Kurzschluss behoben. Diese Absicherung kann \u00fcber die Programmierung auch deaktiviert werden.<\/li>\n<li>Zus\u00e4tzliche Absicherung der Schaltung durch einen PTC<\/li>\n<li>Maximale Belastbarkeit der Ausg\u00e4nge: 1,5A je Ausgang, jedoch 3A f\u00fcr den Gesamtdecoder<\/li>\n<li>Komplett \u00fcber den SX-Bus programmierbar &#8211; daf\u00fcr werden im Programmiermodus die SX-Adressen 1 und 2 ben\u00f6tigt.<\/li>\n<\/ul>\n<\/li>\n<\/ul>\n<h2>Technisches<\/h2>\n<p>Als Plus f\u00fcr die Betriebssicherheit des Funktionsdecoders selbst, aber auch der angeschlossenen Verbraucher, besitzt der FD-8-16-V1 eine elektronische \u00dcberstrom- und Kurzschlusserkennung. Diese deaktiviert automatisch die Endstufen des Decoders und schaltet selbstst\u00e4ndig wieder zu, sobald der Fehlerfall beseitigt wurde. Zus\u00e4tzlich sch\u00fctzt ein PTC (temperaturabh\u00e4ngige Sicherung) den Funktionsdecoder sowie die angeschlossenen Verbraucher.<\/p>\n<p>Versorgungsspannung:<\/p>\n<ul>\n<li>12&#8230;24V AC\/DC<\/li>\n<\/ul>\n<p>Belastbarkeit der Ausg\u00e4nge:<\/p>\n<ul>\n<li>max. 1,5A pro Ausgang<\/li>\n<li>max. 3,1A f\u00fcr das gesamte Modul<\/li>\n<\/ul>\n<figure id=\"attachment_269\" class=\"thumbnail wp-caption aligncenter\" style=\"width: 940px\"><a href=\"https:\/\/www.schnorpstronik.de\/index.php\/selectrix-elektronik\/funktionsdecoder-v1\/fd-8-16-v1_0_1-sch\/\"><img loading=\"lazy\" decoding=\"async\" class=\"wp-image-269 size-large\" src=\"https:\/\/www.schnorpstronik.de\/wp-content\/uploads\/2015\/08\/fd-8-16-v1_0_1-sch-1024x724.jpg\" alt=\"FD-8-16-V1.0.1 Schaltplan\" width=\"940\" height=\"665\" srcset=\"https:\/\/www.schnorpstronik.de\/wp-content\/uploads\/2015\/08\/fd-8-16-v1_0_1-sch-1024x724.jpg 1024w, https:\/\/www.schnorpstronik.de\/wp-content\/uploads\/2015\/08\/fd-8-16-v1_0_1-sch-300x212.jpg 300w, https:\/\/www.schnorpstronik.de\/wp-content\/uploads\/2015\/08\/fd-8-16-v1_0_1-sch-425x300.jpg 425w, https:\/\/www.schnorpstronik.de\/wp-content\/uploads\/2015\/08\/fd-8-16-v1_0_1-sch.jpg 1169w\" sizes=\"auto, (max-width: 940px) 100vw, 940px\" \/><\/a><figcaption class=\"caption wp-caption-text\">FD-8-16-V1.0.1 Schaltplan<\/figcaption><\/figure>\n\n\n<h2 class=\"wp-block-heading\">Downloads<\/h2>\n\n\n\n<ul class=\"wp-block-list\">\n<li><a href=\"https:\/\/www.schnorpstronik.de\/wp-content\/uploads\/2015\/08\/fd-8-16-v1.zip\" data-type=\"attachment\" data-id=\"267\" target=\"_blank\" rel=\"noreferrer noopener\">FD-8-16-V1<\/a><\/li>\n<\/ul>\n","protected":false},"excerpt":{"rendered":"<p>Allgemeines Der FD-8-16-V1 ist ein station\u00e4rer Funktionsdecoder f\u00fcr das Selectrix-System. Dieser kann als Weichendecoder, Magnetartikeldecoder oder Schaltdecoder f\u00fcr vielf\u00e4ltige Aufgaben eingesetzt werden. Herzst\u00fcck ist ein AVR ATmega32, welcher die komplette Signalverarbeitung \u00fcbernimmt und mit 8MHz getaktet ist. SX-Bus-seitig ist, wie &hellip; <a href=\"https:\/\/www.schnorpstronik.de\/index.php\/selectrix-elektronik\/funktionsdecoder-v1\/\">Weiter<\/a><\/p>\n","protected":false},"author":1,"featured_media":0,"parent":84,"menu_order":0,"comment_status":"open","ping_status":"open","template":"page-fullwidth.php","meta":{"_themeisle_gutenberg_block_has_review":false,"footnotes":""},"class_list":["post-68","page","type-page","status-publish","hentry"],"_links":{"self":[{"href":"https:\/\/www.schnorpstronik.de\/index.php\/wp-json\/wp\/v2\/pages\/68","targetHints":{"allow":["GET"]}}],"collection":[{"href":"https:\/\/www.schnorpstronik.de\/index.php\/wp-json\/wp\/v2\/pages"}],"about":[{"href":"https:\/\/www.schnorpstronik.de\/index.php\/wp-json\/wp\/v2\/types\/page"}],"author":[{"embeddable":true,"href":"https:\/\/www.schnorpstronik.de\/index.php\/wp-json\/wp\/v2\/users\/1"}],"replies":[{"embeddable":true,"href":"https:\/\/www.schnorpstronik.de\/index.php\/wp-json\/wp\/v2\/comments?post=68"}],"version-history":[{"count":0,"href":"https:\/\/www.schnorpstronik.de\/index.php\/wp-json\/wp\/v2\/pages\/68\/revisions"}],"up":[{"embeddable":true,"href":"https:\/\/www.schnorpstronik.de\/index.php\/wp-json\/wp\/v2\/pages\/84"}],"wp:attachment":[{"href":"https:\/\/www.schnorpstronik.de\/index.php\/wp-json\/wp\/v2\/media?parent=68"}],"curies":[{"name":"wp","href":"https:\/\/api.w.org\/{rel}","templated":true}]}}