{"id":76,"date":"2015-08-17T15:27:19","date_gmt":"2015-08-17T13:27:19","guid":{"rendered":"http:\/\/wp.norbert-martsch.de\/?page_id=76"},"modified":"2022-12-31T11:23:53","modified_gmt":"2022-12-31T10:23:53","slug":"verteiler-v2","status":"publish","type":"page","link":"https:\/\/www.schnorpstronik.de\/index.php\/selectrix-elektronik\/verteiler-v2\/","title":{"rendered":"SX-Verteiler DIN-RJ45 V2"},"content":{"rendered":"<h2>Allgemeines<\/h2>\n<figure id=\"attachment_258\" class=\"thumbnail wp-caption alignright\" style=\"width: 150px\"><a href=\"https:\/\/www.schnorpstronik.de\/index.php\/selectrix-elektronik\/verteiler-v2\/vt-v2_0_0-oben\/\"><img loading=\"lazy\" decoding=\"async\" class=\"wp-image-258 size-thumbnail\" src=\"https:\/\/www.schnorpstronik.de\/wp-content\/uploads\/2015\/08\/vt-v2_0_0-oben-150x150.jpg\" alt=\"VT-V2.0\" width=\"150\" height=\"150\"><\/a><figcaption class=\"caption wp-caption-text\">VT-V2.0<\/figcaption><\/figure>\n<p>Der SX-Verteiler VT-V2 dient zur Verteilung des SX-Bus. Es sind alle derzeit (08\/2015) verf\u00fcgbaren SX-Bus-Verkabelungsnormen integriert, d.h. es k\u00f6nnen folgende Kabel angeschlossen werden:<\/p>\n<ul>\n<li>5-poliges DIN-Kabel<\/li>\n<li>8-poliges miniDIN-Kabel der Trix MS1, auch &#8222;MX&#8220; genannt<\/li>\n<li>Kabel nach MTTM-Norm<\/li>\n<li>Kabel nach M\u00fct-Norm<\/li>\n<li>RJ45-Kabel nach Umsetzung von Digit Electronic und Norbert Martsch<\/li>\n<li>Masse-\/GND-Verteilung<\/li>\n<\/ul>\n<h2>Funktionen<\/h2>\n<p>Neben der Verteilung des SX-Bus kann mit dem SX-Verteiler VT-V2 auch die SX-Versorgungsspannung &#8222;B&#8220; (20V) neu eingespeist werden. Eine Takt- und Datenauffrischung findet jedoch nicht statt.<br>\nHintergrund:<br>\nViele SX-Systeme\/Anlagen sind kompakt aufgebaut (Bus-L\u00e4nge kleiner 15&#8230;30 Meter), daf\u00fcr sind aber eine Vielzahl an Modulen (Servodecoder, Funktionsdecoder, Gleisbelegtmelder, etc.) angeschlossen. Je nach Zentrale kann es ab 12&#8230;20 Modulen, linear hintereinander verbunden, zu St\u00f6rungen kommen. Dabei sind in den seltensten F\u00e4llen die Datensignale verschliffen, als mehr die Zentrale mit ihrer Treiberleistung der Leitung &#8222;B&#8220; (20V) an der Leistungsgrenze. Mit dem VT-V2 und einem Netzteil (Empfehlung: Schaltnetzteil, Laptopnetzteil mit 16&#8230;20V Ausgangsspannung DC) kann Leitung B aufgefrischt werden und die Zentrale wird entlastet. Diese Spannungseinspeisung steht jedoch nur f\u00fcr die Stecksysteme 5-polig DIN und RJ45&nbsp;zur Verf\u00fcgung. Die Stecksysteme nach miniDIN, MTTM- und M\u00fct-Norm erhalten keine Spannungseinspeisung und sind stets nur passiv verbunden.<br>\nWer keine Spannungseinspeisung ben\u00f6tigt,&nbsp;kann den VT-V2 auch als passiven Verteiler nutzen. Die Wahl der SX-Spannungsverteilung B (20V) geschieht via L\u00f6tjumper auf der Platinenoberseite.<\/p>\n<p>F\u00fcr SX-Verkablungen mit Masse-Problemen, steht eine Verteilung der SX-Masse (GND) via Schraubklemmen zur Verf\u00fcgung.<\/p>\n<h2>Technisches<\/h2>\n<p>Die Belegungen und Verschaltung der einzelnen Stecksysteme ist im Schaltplan ersichtlich.<\/p>\n<figure id=\"attachment_259\" class=\"thumbnail wp-caption aligncenter\" style=\"width: 940px\"><a href=\"https:\/\/www.schnorpstronik.de\/index.php\/selectrix-elektronik\/verteiler-v2\/vt-v2_0_0-sch\/\"><img loading=\"lazy\" decoding=\"async\" class=\"wp-image-259 size-large\" src=\"https:\/\/www.schnorpstronik.de\/wp-content\/uploads\/2015\/08\/vt-v2_0_0-sch-1024x724.jpg\" alt=\"VT-V2.0 Schaltplan\" width=\"940\" height=\"665\" srcset=\"https:\/\/www.schnorpstronik.de\/wp-content\/uploads\/2015\/08\/vt-v2_0_0-sch-1024x724.jpg 1024w, https:\/\/www.schnorpstronik.de\/wp-content\/uploads\/2015\/08\/vt-v2_0_0-sch-300x212.jpg 300w, https:\/\/www.schnorpstronik.de\/wp-content\/uploads\/2015\/08\/vt-v2_0_0-sch-425x300.jpg 425w, https:\/\/www.schnorpstronik.de\/wp-content\/uploads\/2015\/08\/vt-v2_0_0-sch.jpg 1169w\" sizes=\"auto, (max-width: 940px) 100vw, 940px\" \/><\/a><figcaption class=\"caption wp-caption-text\">VT-V2.0 Schaltplan<\/figcaption><\/figure>\n\n\n<h2 class=\"wp-block-heading\">Downloads<\/h2>\n\n\n\n<p>Im folgenden sind die jeweils aktuellen Daten hinterlegt. \u00c4ltere Versionsst\u00e4nde sende ich bei Bedarf gern auf Anfrage zu.<\/p>\n\n\n\n<ul class=\"wp-block-list\">\n<li><a href=\"https:\/\/www.schnorpstronik.de\/wp-content\/uploads\/2015\/08\/vt-v2.zip\" data-type=\"attachment\" data-id=\"245\" target=\"_blank\" rel=\"noreferrer noopener\">SX-VT-DIN-RJ45-V2<\/a><\/li>\n<\/ul>\n","protected":false},"excerpt":{"rendered":"<p>Allgemeines Der SX-Verteiler VT-V2 dient zur Verteilung des SX-Bus. Es sind alle derzeit (08\/2015) verf\u00fcgbaren SX-Bus-Verkabelungsnormen integriert, d.h. es k\u00f6nnen folgende Kabel angeschlossen werden: 5-poliges DIN-Kabel 8-poliges miniDIN-Kabel der Trix MS1, auch &#8222;MX&#8220; genannt Kabel nach MTTM-Norm Kabel nach M\u00fct-Norm &hellip; <a href=\"https:\/\/www.schnorpstronik.de\/index.php\/selectrix-elektronik\/verteiler-v2\/\">Weiter<\/a><\/p>\n","protected":false},"author":1,"featured_media":0,"parent":84,"menu_order":0,"comment_status":"open","ping_status":"open","template":"page-fullwidth.php","meta":{"_themeisle_gutenberg_block_has_review":false,"footnotes":""},"class_list":["post-76","page","type-page","status-publish","hentry"],"_links":{"self":[{"href":"https:\/\/www.schnorpstronik.de\/index.php\/wp-json\/wp\/v2\/pages\/76","targetHints":{"allow":["GET"]}}],"collection":[{"href":"https:\/\/www.schnorpstronik.de\/index.php\/wp-json\/wp\/v2\/pages"}],"about":[{"href":"https:\/\/www.schnorpstronik.de\/index.php\/wp-json\/wp\/v2\/types\/page"}],"author":[{"embeddable":true,"href":"https:\/\/www.schnorpstronik.de\/index.php\/wp-json\/wp\/v2\/users\/1"}],"replies":[{"embeddable":true,"href":"https:\/\/www.schnorpstronik.de\/index.php\/wp-json\/wp\/v2\/comments?post=76"}],"version-history":[{"count":0,"href":"https:\/\/www.schnorpstronik.de\/index.php\/wp-json\/wp\/v2\/pages\/76\/revisions"}],"up":[{"embeddable":true,"href":"https:\/\/www.schnorpstronik.de\/index.php\/wp-json\/wp\/v2\/pages\/84"}],"wp:attachment":[{"href":"https:\/\/www.schnorpstronik.de\/index.php\/wp-json\/wp\/v2\/media?parent=76"}],"curies":[{"name":"wp","href":"https:\/\/api.w.org\/{rel}","templated":true}]}}