{"id":78,"date":"2015-08-17T15:27:40","date_gmt":"2015-08-17T13:27:40","guid":{"rendered":"http:\/\/wp.norbert-martsch.de\/?page_id=78"},"modified":"2022-01-07T09:40:14","modified_gmt":"2022-01-07T08:40:14","slug":"programmiergleisautomatik-v1","status":"publish","type":"page","link":"https:\/\/www.schnorpstronik.de\/index.php\/selectrix-elektronik\/programmiergleisautomatik-v1\/","title":{"rendered":"Programmiergleisautomatik V1"},"content":{"rendered":"<h2>Allgemeines<\/h2>\n<figure id=\"attachment_223\" class=\"thumbnail wp-caption alignright\" style=\"width: 150px\"><a href=\"https:\/\/www.schnorpstronik.de\/index.php\/selectrix-elektronik\/programmiergleisautomatik-v1\/pga-v1-komplett_oben\/\"><img loading=\"lazy\" decoding=\"async\" class=\"wp-image-223 size-thumbnail\" src=\"https:\/\/www.schnorpstronik.de\/wp-content\/uploads\/2015\/08\/pga-v1-komplett_oben-150x150.jpg\" alt=\"PGA-V1\" width=\"150\" height=\"150\" \/><\/a><figcaption class=\"caption wp-caption-text\">PGA-V1<\/figcaption><\/figure>\n<p>Die SX-Programmiergleis-Automatik dient dem automatischen Umschalten zwischen einem Programmiergleis und dem Anlagenbetrieb beim Programmieren von Lokdecodern mit einer SX-Zentraleinheit (ZE). Besonders hilfreich ist diese Automatik, wenn ein in der Anlage befindliches Streckengleis als Programmiergleis genutzt werden soll, welches zudem im Normalbetrieb \u00fcber einen Gleisbelegtmelder (GBM) \u00fcberwacht wird. Die Schaltung der SX-Programmiergleis-Automatik l\u00e4sst jede im Anlagenbetrieb sinnvolle Kombination der Verkabelung zu.<\/p>\n<p>Hinweis zum RMX-System:<br \/>Aufgrund von Anwenderberichten wird die Unterst\u00fctzung des RMX-Systems durch die PGA mit sofortiger Wirkung (15.06.2016) beendet. Hintergrund: Beim Programmieren der Lokdecoder via RMX-Handregler reagiert die PGA nicht mehr zuverl\u00e4ssig. Der Download und die darin enthaltene Dokumentation wurde entsprechend aktualisiert.<\/p>\n<h2>Funktionen<\/h2>\n<p>In einem Selectrix-System gibt es, neben dem Adressraum f\u00fcr die Funktionen Fahren, Schalten und Melden, die sogenannten \u201eSystemkan\u00e4le\u201c. \u00dcber diese Kan\u00e4le wird u.a. das Programmieren angefordert (Kanal 106) und ausgef\u00fchrt\/best\u00e4tigt sowie der Zustand der Gleisspannung signalisiert (Kanal 109). Je nach Zentraleinheit findet die Signalisierung der Programmierung mit kleinen Unterschieden statt. Diesen Unterschieden tr\u00e4gt die SX-Programmiergleis-Automatik Rechnung und stellt verschiedene Betriebsmodi zur Verf\u00fcgung, welche per Jumper 2 eingestellt werden k\u00f6nnen.<\/p>\n<h2>Technisches<\/h2>\n<p>Die PGA wird wahlweise \u00fcber den SX-Bus oder \u00fcber einen Anschluss f\u00fcr eine externe Versorgungsspannung betrieben. Die Wahl hierzu geschieht mittels eines Steck-Jumpers. \u00dcber den SX-Bus wertet die PGA den Systemstatus aus (programmieren \/ nicht programmieren) und schaltet entsprechend die Relais. Der erkannte Zustand wird mittels zweier LEDs angezeigt.<\/p>\n<figure id=\"attachment_225\" class=\"thumbnail wp-caption aligncenter\" style=\"width: 940px\"><a href=\"https:\/\/www.schnorpstronik.de\/index.php\/selectrix-elektronik\/programmiergleisautomatik-v1\/pga-v1_3-sch\/\"><img loading=\"lazy\" decoding=\"async\" class=\"wp-image-225 size-large\" src=\"https:\/\/www.schnorpstronik.de\/wp-content\/uploads\/2015\/08\/pga-v1_3-sch-1024x724.jpg\" alt=\"PGA-V1.3 Schaltplan\" width=\"940\" height=\"665\" srcset=\"https:\/\/www.schnorpstronik.de\/wp-content\/uploads\/2015\/08\/pga-v1_3-sch-1024x724.jpg 1024w, https:\/\/www.schnorpstronik.de\/wp-content\/uploads\/2015\/08\/pga-v1_3-sch-300x212.jpg 300w, https:\/\/www.schnorpstronik.de\/wp-content\/uploads\/2015\/08\/pga-v1_3-sch-424x300.jpg 424w\" sizes=\"auto, (max-width: 940px) 100vw, 940px\" \/><\/a><figcaption class=\"caption wp-caption-text\">PGA-V1.3 Schaltplan<\/figcaption><\/figure>\n<p>\u00a0<\/p>\n\n\n<p><\/p>\n","protected":false},"excerpt":{"rendered":"<p>Allgemeines Die SX-Programmiergleis-Automatik dient dem automatischen Umschalten zwischen einem Programmiergleis und dem Anlagenbetrieb beim Programmieren von Lokdecodern mit einer SX-Zentraleinheit (ZE). Besonders hilfreich ist diese Automatik, wenn ein in der Anlage befindliches Streckengleis als Programmiergleis genutzt werden soll, welches zudem &hellip; <a href=\"https:\/\/www.schnorpstronik.de\/index.php\/selectrix-elektronik\/programmiergleisautomatik-v1\/\">Weiter<\/a><\/p>\n","protected":false},"author":1,"featured_media":0,"parent":84,"menu_order":0,"comment_status":"open","ping_status":"open","template":"page-fullwidth.php","meta":{"_themeisle_gutenberg_block_has_review":false,"footnotes":""},"class_list":["post-78","page","type-page","status-publish","hentry"],"_links":{"self":[{"href":"https:\/\/www.schnorpstronik.de\/index.php\/wp-json\/wp\/v2\/pages\/78","targetHints":{"allow":["GET"]}}],"collection":[{"href":"https:\/\/www.schnorpstronik.de\/index.php\/wp-json\/wp\/v2\/pages"}],"about":[{"href":"https:\/\/www.schnorpstronik.de\/index.php\/wp-json\/wp\/v2\/types\/page"}],"author":[{"embeddable":true,"href":"https:\/\/www.schnorpstronik.de\/index.php\/wp-json\/wp\/v2\/users\/1"}],"replies":[{"embeddable":true,"href":"https:\/\/www.schnorpstronik.de\/index.php\/wp-json\/wp\/v2\/comments?post=78"}],"version-history":[{"count":0,"href":"https:\/\/www.schnorpstronik.de\/index.php\/wp-json\/wp\/v2\/pages\/78\/revisions"}],"up":[{"embeddable":true,"href":"https:\/\/www.schnorpstronik.de\/index.php\/wp-json\/wp\/v2\/pages\/84"}],"wp:attachment":[{"href":"https:\/\/www.schnorpstronik.de\/index.php\/wp-json\/wp\/v2\/media?parent=78"}],"curies":[{"name":"wp","href":"https:\/\/api.w.org\/{rel}","templated":true}]}}