{"id":80,"date":"2015-08-17T15:28:04","date_gmt":"2015-08-17T13:28:04","guid":{"rendered":"http:\/\/wp.norbert-martsch.de\/?page_id=80"},"modified":"2022-12-31T11:28:44","modified_gmt":"2022-12-31T10:28:44","slug":"anzeigemodul-v1","status":"publish","type":"page","link":"https:\/\/www.schnorpstronik.de\/index.php\/selectrix-elektronik\/anzeigemodul-v1\/","title":{"rendered":"Anzeigemodul V1"},"content":{"rendered":"<h2>Allgemeines<\/h2>\n<figure id=\"attachment_248\" class=\"thumbnail wp-caption alignright\" style=\"width: 150px\"><a href=\"https:\/\/www.schnorpstronik.de\/index.php\/selectrix-elektronik\/anzeigemodul-v1\/azm-16-32-v1_0-oben\/\"><img loading=\"lazy\" decoding=\"async\" class=\"wp-image-248 size-thumbnail\" src=\"https:\/\/www.schnorpstronik.de\/wp-content\/uploads\/2015\/08\/azm-16-32-v1_0-oben-150x150.jpg\" alt=\"AZM-16-32-V1.0\" width=\"150\" height=\"150\"><\/a><figcaption class=\"caption wp-caption-text\">AZM-16-32-V1.0<\/figcaption><\/figure>\n<p>Das Anzeigemodul AZM-16-32-V1 besitzt 32 nach Masse-\/&#8220;Minus-&#8220; geschaltete Ausg\u00e4nge, welche einzeln oder alternierend (abwechselnd) 2x 16 angesteuert werden k\u00f6nnen. Damit eignet es sich f\u00fcr vielf\u00e4ltige Beleuchtungs- und Ausleuchtungsaufgaben, u.a..<\/p>\n<ul>\n<li>Ausleuchtung der Weichenlage in einem Stelltisch (alternierender 2x 16-Betrieb)<\/li>\n<li>Ausleuchtung von Fahrwegen und Besetztmeldungen in einem Stelltisch (32x-Betrieb)<\/li>\n<li>Lichtsignal-Ansteuerung<\/li>\n<li>Lauflicht bei einer Baustellenabsperrung<\/li>\n<li>Sonstige, allgemeine Licht-Schaltungen auf der Modellbahn<\/li>\n<\/ul>\n<p><del>Um das AZM-16-32-V1 komfortabel \u00fcber den PC zu parametrieren\/programmieren, steht ein Programmiertool zur Verf\u00fcgung.<\/del>&nbsp;(In \u00dcberarbeitung, Update folgt.) Nat\u00fcrlich sind auch alle anderen, \u00fcblichen Programmierwege m\u00f6glich (SX-Handregler, SX-Busmonitor, <a href=\"http:\/\/www.dm-control.com\/produkte.html\" target=\"_blank\" rel=\"noopener noreferrer\">SX1-Freeware von Daniel Mikeleit<\/a>, RMX-PC-Zentrale, etc.).<\/p>\n<h2>Funktionen<\/h2>\n<p>\u00dcber den SX-Bus wird das AZM elektronisch parametriert.&nbsp;Im Modus der 32 Einzelausg\u00e4nge kann jedem Ausgang individuell folgende Funktion zugewiesen werden:<\/p>\n<ul>\n<li>Dauerausgang<\/li>\n<li>Blinken<\/li>\n<li>Impuls<\/li>\n<li>Lauflicht Blockweise (8 Ausg\u00e4nge)<\/li>\n<\/ul>\n<p>Im Modus der 16 alternierende Ausg\u00e4nge sind f\u00fcr die Ausg\u00e4nge die Modi &#8222;Dauerausgang&#8220; oder&nbsp;&#8222;Impuls&#8220; einstellbar.<\/p>\n<p>F\u00fcr das Blinken kann eingestellt werden, ob alle Ausg\u00e4nge (sofern Blinken aktiv) simultan Blinken sollen, oder jeder Ausgang individuell (in Abh\u00e4ngigkeit des Zeitpunkts seiner Aktivierung) blinkt. Die&nbsp;Blinkdauer und Impulsdauer k\u00f6nnen im Bereich 0&#8230;255 (Zeitbasis 10ms, entspricht 0&#8230;2,55s) eingestellt werden.<\/p>\n<p>Einstellbare Funktionen:<\/p>\n<ul>\n<li>SX-Adressen<\/li>\n<li>Daueranzeige je Ausgang<\/li>\n<li>Alternierendes Umschalten zweier benachbarter Ausg\u00e4nge (Weichenmodus)<\/li>\n<li>Mix-Modus: Ausg\u00e4nge 1\u202616 Einzelmodus \/ Ausg\u00e4nge 17\u202632 alternierend<\/li>\n<li>Abspeicherung letzter Zustand: Ja \/ Nein<\/li>\n<li>Impulsmodus je 8er-Gruppe einstellbar<\/li>\n<li>Impulsdauer einstellbar (dieser Parameter gilt f\u00fcr alle Ausg\u00e4nge)<\/li>\n<li>Simultanes Blinken aller Ausg\u00e4nge und Gruppe<\/li>\n<li>Einzel-Blinken je Ausgang (nicht simultan \u2013 vom Einschaltzeitpunkt abh\u00e4ngig)<\/li>\n<li>Blinkfrequenz variabel einstellbar<\/li>\n<li>Lauflicht Blockweise bzw. pro Ausgang aktivierbar (zyklisch f\u00fcllen und leeren),&nbsp;f\u00fcr je 8 Anzeigeelemente \u2013 keine Einzelfolge! Das Lauflicht wird immer erst nach der Deaktivierung verz\u00f6gert beendet, d.h. wenn alle Ausg\u00e4nge wieder auf 0 (= AUS) gesetzt sind.<\/li>\n<\/ul>\n<h2>Technisches<\/h2>\n<p>Das AZM-16-32-V1 kann mit Gleich- oder Wechselspannung versorgt werden. Mit Hilfe eines Gleichrichters und Schaltreglers wird die Versorgungsspannung verlustarm und damit mit hohem Wirkungsgrad (gg\u00fc. Linear-\/L\u00e4ngsreglern) auf 12V DC geregelt und stabilisiert. Der Plus-Pol der&nbsp;12V DC stehen dann an einer 2-fach Schraubklemme zur weiteren Verwendung zur Verf\u00fcgung. Die Ausg\u00e4nge des AZM-16-32-V1 schalten gegen Masse, stellen also den Minus-Pol bereit. Sinn und Zweck dieser Schaltung ist, dass beim Einsatz mehrerer AZMs, die ggf. an verschiedenen Netzteilen angeschlossen sind, stets die gleiche Ausgangsspannung bereitgestellt wird und damit gleiche Ausgangsbedingungen f\u00fcr gleiche Helligkeiten bieten.<br>Der Prozessor (AVR) ist ein ATMEL ATmega8, getaktet mit 8MHz. Dieser wird vom SX-Bus \u00fcber einen 5V-Spannungsregler versorgt. Der Schaltungsteil der Ausg\u00e4nge&nbsp;wird separat \u00fcber eine Zubeh\u00f6r-Versorgungsspannung betrieben. Der AVR \u00fcberwacht die Versorgungsspannung und gibt die Ausg\u00e4nge erst dann frei, wenn die Zubeh\u00f6rspannung anliegt.<\/p>\n<ul>\n<li>Zubeh\u00f6r-\/Versorgungsspannung:\n<ul>\n<li>AC: 10&#8230;18V, mind. 40W<\/li>\n<li>DC: 14&#8230;22V, mind. 40W<\/li>\n<li>empfohlen: DC, 14&#8230;16V aus einem Schaltnetzteil bzw. Laptopnetzteil, mind. 40W<\/li>\n<\/ul>\n<\/li>\n<li>Ausgangsspannung:\n<ul>\n<li>12V DC<\/li>\n<\/ul>\n<\/li>\n<li>Strombelastbarkeit:\n<ul>\n<li>pro Ausgang max. 0,1A<\/li>\n<li>Summe Modul: 3A<\/li>\n<\/ul>\n<\/li>\n<\/ul>\n<figure id=\"attachment_247\" class=\"thumbnail wp-caption aligncenter\" style=\"width: 940px\"><a href=\"https:\/\/www.schnorpstronik.de\/index.php\/selectrix-elektronik\/anzeigemodul-v1\/azm-16-32-v1_0-sch\/\"><img loading=\"lazy\" decoding=\"async\" class=\"wp-image-247 size-large\" src=\"https:\/\/www.schnorpstronik.de\/wp-content\/uploads\/2015\/08\/azm-16-32-v1_0-sch-1024x724.jpg\" alt=\"AZM-16-32-V1.0 Schaltplan\" width=\"940\" height=\"665\" srcset=\"https:\/\/www.schnorpstronik.de\/wp-content\/uploads\/2015\/08\/azm-16-32-v1_0-sch-1024x724.jpg 1024w, https:\/\/www.schnorpstronik.de\/wp-content\/uploads\/2015\/08\/azm-16-32-v1_0-sch-300x212.jpg 300w, https:\/\/www.schnorpstronik.de\/wp-content\/uploads\/2015\/08\/azm-16-32-v1_0-sch-424x300.jpg 424w, https:\/\/www.schnorpstronik.de\/wp-content\/uploads\/2015\/08\/azm-16-32-v1_0-sch.jpg 1920w\" sizes=\"auto, (max-width: 940px) 100vw, 940px\" \/><\/a><figcaption class=\"caption wp-caption-text\">AZM-16-32-V1.0 Schaltplan<\/figcaption><\/figure>\n\n\n<h2 class=\"wp-block-heading\">Downloads<\/h2>\n\n\n\n<ul class=\"wp-block-list\">\n<li><a href=\"https:\/\/www.schnorpstronik.de\/wp-content\/uploads\/2015\/08\/azm-16-32-v1.zip\" data-type=\"attachment\" data-id=\"1086\" target=\"_blank\" rel=\"noreferrer noopener\">AZM-16-32-V1<\/a><\/li>\n<\/ul>\n","protected":false},"excerpt":{"rendered":"<p>Allgemeines Das Anzeigemodul AZM-16-32-V1 besitzt 32 nach Masse-\/&#8220;Minus-&#8220; geschaltete Ausg\u00e4nge, welche einzeln oder alternierend (abwechselnd) 2x 16 angesteuert werden k\u00f6nnen. Damit eignet es sich f\u00fcr vielf\u00e4ltige Beleuchtungs- und Ausleuchtungsaufgaben, u.a.. Ausleuchtung der Weichenlage in einem Stelltisch (alternierender 2x 16-Betrieb) Ausleuchtung &hellip; <a href=\"https:\/\/www.schnorpstronik.de\/index.php\/selectrix-elektronik\/anzeigemodul-v1\/\">Weiter<\/a><\/p>\n","protected":false},"author":1,"featured_media":0,"parent":84,"menu_order":0,"comment_status":"open","ping_status":"open","template":"page-fullwidth.php","meta":{"_themeisle_gutenberg_block_has_review":false,"footnotes":""},"class_list":["post-80","page","type-page","status-publish","hentry"],"_links":{"self":[{"href":"https:\/\/www.schnorpstronik.de\/index.php\/wp-json\/wp\/v2\/pages\/80","targetHints":{"allow":["GET"]}}],"collection":[{"href":"https:\/\/www.schnorpstronik.de\/index.php\/wp-json\/wp\/v2\/pages"}],"about":[{"href":"https:\/\/www.schnorpstronik.de\/index.php\/wp-json\/wp\/v2\/types\/page"}],"author":[{"embeddable":true,"href":"https:\/\/www.schnorpstronik.de\/index.php\/wp-json\/wp\/v2\/users\/1"}],"replies":[{"embeddable":true,"href":"https:\/\/www.schnorpstronik.de\/index.php\/wp-json\/wp\/v2\/comments?post=80"}],"version-history":[{"count":0,"href":"https:\/\/www.schnorpstronik.de\/index.php\/wp-json\/wp\/v2\/pages\/80\/revisions"}],"up":[{"embeddable":true,"href":"https:\/\/www.schnorpstronik.de\/index.php\/wp-json\/wp\/v2\/pages\/84"}],"wp:attachment":[{"href":"https:\/\/www.schnorpstronik.de\/index.php\/wp-json\/wp\/v2\/media?parent=80"}],"curies":[{"name":"wp","href":"https:\/\/api.w.org\/{rel}","templated":true}]}}