{"id":84,"date":"2015-08-17T15:28:50","date_gmt":"2015-08-17T13:28:50","guid":{"rendered":"http:\/\/wp.norbert-martsch.de\/?page_id=84"},"modified":"2025-01-09T10:49:11","modified_gmt":"2025-01-09T09:49:11","slug":"selectrix-elektronik","status":"publish","type":"page","link":"https:\/\/www.schnorpstronik.de\/index.php\/selectrix-elektronik\/","title":{"rendered":"Selectrix-Elektronik"},"content":{"rendered":"<div class=\"wp-block-image\">\n<figure class=\"alignright size-thumbnail\"><img loading=\"lazy\" decoding=\"async\" width=\"150\" height=\"150\" src=\"https:\/\/www.schnorpstronik.de\/wp-content\/uploads\/2015\/08\/schaltplan-review_mit_amy-150x150.jpg\" alt=\"\" class=\"wp-image-118\"\/><figcaption class=\"wp-element-caption\">Schaltplan-Review mit meiner wichtigsten \u201eMitarbeiterin\u201c<\/figcaption><\/figure>\n<\/div>\n\n\n<h2 class=\"wp-block-heading\">Selbst ist der Modelleisenbahner!<\/h2>\n\n\n\n<p class=\"has-text-align-left\">Auf den Seiten der Selectrix-Selbstbau-Elektronik&nbsp;sind alle n\u00f6tigen Informationen zu den verf\u00fcgbaren Projekten hinterlegt. Zu jedem Projekt sind folgende Daten verf\u00fcgbar: Dokumentation, Schaltplan, Best\u00fcckungsplan und Firmware als kompiliertes hex-File &#8211; alles in je einer zip-Datei.<br><br><strong>Hinweis:<\/strong> Da in den zip-Dateien die Firmware-Daten im &#8222;hex-Format&#8220; abgelegt sind, k\u00f6nnen manche Virenscanner &#8222;Alarm&#8220; schlagen und eine Warnung ausgeben. Diese kann getrost ignoriert werden.<\/p>\n\n\n\n<p>\u00dcber das&nbsp;Navigationsmen\u00fc &#8222;Selectrix-Elektronik&#8220; sind alle Projekte erreichbar.<\/p>\n\n\n\n<p><strong>Preisliste und Erl\u00e4uterungen:<\/strong><\/p>\n\n\n\n<p>Die aktuelle Preisliste mit Erl\u00e4uterungen zu lieferbaren Varianten, Rabattm\u00f6glichkeit, Versand und weiterf\u00fchrenden Informationen steht hier zum Download bereit:<\/p>\n\n\n\n<ul class=\"wp-block-list\">\n<li><a href=\"https:\/\/www.schnorpstronik.de\/wp-content\/uploads\/2025\/01\/Preisliste-SX-Selbstbauelektronik-web-2025-01-09.pdf\" target=\"_blank\" rel=\"noreferrer noopener\">Preisliste SchnorpsTronik &#8211; SX-Selbstbauelektronik, Stand 09.01.2025<\/a><\/li>\n<\/ul>\n\n\n\n<p><strong>Reichelt-Warenk\u00f6rbe:<\/strong><\/p>\n\n\n\n<p>Die folgenden Reichelt-Warenk\u00f6rbe beinhalten alle ben\u00f6tigten Bauelemente mit Ausnahme der Prozessoren (AVR), diese sind unter der Liste separat verlinkt. Soweit nicht anders geschrieben, sind stets DIN- und RJ45-Buchsen enthalten. Je nach Bedarf kann das individuell im Reichelt-Warenkorb abge\u00e4ndert werden. Pro Projekt wird jeweils 1x Prozessor ben\u00f6tigt.<\/p>\n\n\n\n<ul class=\"wp-block-list\">\n<li>Anzeigemodul AZM16-32-V1 (nur DIN-Buchsen, keine RJ45-Buchsen), SX-AZM-16-32-V1_0_0:<br><a rel=\"noreferrer noopener\" aria-label=\"https:\/\/www.reichelt.de\/my\/1659210 (opens in a new tab)\" href=\"https:\/\/www.reichelt.de\/my\/1659210\" target=\"_blank\">https:\/\/www.reichelt.de\/my\/1659210<\/a><\/li>\n\n\n\n<li>Anzeigemodul AZM16-32-V2, SX-AZM-16-32-V2_0_0-RJ45:<br><a rel=\"noreferrer noopener\" aria-label=\"https:\/\/www.reichelt.de\/my\/1659211 (opens in a new tab)\" href=\"https:\/\/www.reichelt.de\/my\/1659211\" target=\"_blank\">https:\/\/www.reichelt.de\/my\/1659211<\/a><\/li>\n\n\n\n<li>Funktionsdecoder FD-8-16-V2, SX-FD-8-16-V2_2_0-RJ45:<br><a rel=\"noreferrer noopener\" aria-label=\"https:\/\/www.reichelt.de\/my\/1659218 (opens in a new tab)\" href=\"https:\/\/www.reichelt.de\/my\/1659218\" target=\"_blank\">https:\/\/www.reichelt.de\/my\/1659218<\/a><\/li>\n\n\n\n<li>Gleisbelegtmelder GBM-8-V3, SX-GBM-8-V3_0_0-RJ45<br><a rel=\"noreferrer noopener\" aria-label=\"https:\/\/www.reichelt.de\/my\/1659214 (opens in a new tab)\" href=\"https:\/\/www.reichelt.de\/my\/1659214\" target=\"_blank\">https:\/\/www.reichelt.de\/my\/1659214<\/a><\/li>\n\n\n\n<li>Gleisbelegtmelder GBM-8-V3 mit PTC 0,6A (Spurgr\u00f6\u00dfe N und TT), SX-GBM-8-V3_0_0-PTC06-RJ45<br><a rel=\"noreferrer noopener\" aria-label=\"https:\/\/www.reichelt.de\/my\/1659212 (opens in a new tab)\" href=\"https:\/\/www.reichelt.de\/my\/1659212\" target=\"_blank\">https:\/\/www.reichelt.de\/my\/1659212<\/a><\/li>\n\n\n\n<li>Gleisbelegtmelder GBM-8-V3 mit PTC 1,3A (Spurgr\u00f6\u00dfe H0), SX-GBM-8-V3_0_0-PTC13-RJ45<br><a rel=\"noreferrer noopener\" aria-label=\"https:\/\/www.reichelt.de\/my\/1659215 (opens in a new tab)\" href=\"https:\/\/www.reichelt.de\/my\/1659215\" target=\"_blank\">https:\/\/www.reichelt.de\/my\/1659215<\/a><\/li>\n\n\n\n<li>Licht-Funktions-Decoder LFD-8-16-V1, SX-LFD-8-16-V1_0_0-RJ45:<br><a rel=\"noreferrer noopener\" aria-label=\"https:\/\/www.reichelt.de\/my\/1659219 (opens in a new tab)\" href=\"https:\/\/www.reichelt.de\/my\/1659219\" target=\"_blank\">https:\/\/www.reichelt.de\/my\/1659219<\/a><\/li>\n\n\n\n<li>Programmiergleis-Automatik PGA-V1, SX-PGA-V1_3_0:<br><a rel=\"noreferrer noopener\" aria-label=\"https:\/\/www.reichelt.de\/my\/1659220 (opens in a new tab)\" href=\"https:\/\/www.reichelt.de\/my\/1659220\" target=\"_blank\">https:\/\/www.reichelt.de\/my\/1659220<\/a><\/li>\n\n\n\n<li>Relaiserweiterung RE-V3, SX-RE-V3_0_14:<br><a rel=\"noreferrer noopener\" aria-label=\"https:\/\/www.reichelt.de\/my\/1659221 (opens in a new tab)\" href=\"https:\/\/www.reichelt.de\/my\/1659221\" target=\"_blank\">https:\/\/www.reichelt.de\/my\/1659221<\/a><\/li>\n\n\n\n<li>Servodecoder SD-8-V3, SX-SD-8-V3_2_1-RJ45:<br><a rel=\"noreferrer noopener\" aria-label=\"https:\/\/www.reichelt.de\/my\/1659223 (opens in a new tab)\" href=\"https:\/\/www.reichelt.de\/my\/1659223\" target=\"_blank\">https:\/\/www.reichelt.de\/my\/1659223<\/a><\/li>\n\n\n\n<li>SX-Verteiler DIN V1<br><a rel=\"noreferrer noopener\" href=\"https:\/\/www.reichelt.de\/my\/1996077\" target=\"_blank\">https:\/\/www.reichelt.de\/my\/1996077<\/a><\/li>\n\n\n\n<li>SX-Verteiler VT-V2 ohne externe Spannungseinspeisung, SX-VT-V2_0_0:<br><a rel=\"noreferrer noopener\" aria-label=\"https:\/\/www.reichelt.de\/my\/1659227 (opens in a new tab)\" href=\"https:\/\/www.reichelt.de\/my\/1659227\" target=\"_blank\">https:\/\/www.reichelt.de\/my\/1659227<\/a><\/li>\n\n\n\n<li>SX-Verteiler VT-V2-Spg mit externer Spannungseinspeisung, SX-VT-V2_0_0-Spg:<br><a rel=\"noreferrer noopener\" aria-label=\"https:\/\/www.reichelt.de\/my\/1659226 (opens in a new tab)\" href=\"https:\/\/www.reichelt.de\/my\/1659226\" target=\"_blank\">https:\/\/www.reichelt.de\/my\/1659226<\/a><\/li>\n\n\n\n<li>Tasten-Eingabe-Modul TEM-8-16-V1, SX-TEM-8-16-V1_0_0:<br><a rel=\"noreferrer noopener\" aria-label=\"https:\/\/www.reichelt.de\/my\/1659224 (opens in a new tab)\" href=\"https:\/\/www.reichelt.de\/my\/1659224\" target=\"_blank\">https:\/\/www.reichelt.de\/my\/1659224<\/a><\/li>\n\n\n\n<li>Tasten-Eingabe-Modul TEM-8-16-V2, SX-TEM-8-16-V2_0_1:<br><a rel=\"noreferrer noopener\" href=\"https:\/\/www.reichelt.de\/my\/1707603\" target=\"_blank\">https:\/\/www.reichelt.de\/my\/1707603<\/a><\/li>\n<\/ul>\n\n\n\n<p><strong>Prozessoren f\u00fcr die SX-Projekte<\/strong><\/p>\n\n\n\n<ul class=\"wp-block-list\">\n<li>Anzeigemodul AZM-16-32-V1,  AZM-16-32-V2, Gleisbelegtmelder GBM-8-V3, Programmiergleis-Automatik PGA-V1, Servodecoder SD-8-V3, Tasten-Eingabe-Modul TEM-8-16-V1, Tasten-Eingabe-Modul TEM-8-16-V2:\n<ul class=\"wp-block-list\">\n<li>ATMEGA 8-16 DIP:<br><a rel=\"noreferrer noopener\" aria-label=\"https:\/\/www.reichelt.de\/mcu-atmega-avr-risc-8-kb-16-mhz-pdip-28-atmega-8-16-dip-p45024.html? (opens in a new tab)\" href=\"https:\/\/www.reichelt.de\/mcu-atmega-avr-risc-8-kb-16-mhz-pdip-28-atmega-8-16-dip-p45024.html?\" target=\"_blank\">https:\/\/www.reichelt.de\/mcu-atmega-avr-risc-8-kb-16-mhz-pdip-28-atmega-8-16-dip-p45024.html?<\/a><\/li>\n<\/ul>\n<\/li>\n\n\n\n<li>Funktionsdecoder FD-8-16-V2:\n<ul class=\"wp-block-list\">\n<li>ATMEGA 32-16 DIP:<br><a rel=\"noreferrer noopener\" aria-label=\"https:\/\/www.reichelt.de\/mcu-atmega-avr-risc-32-kb-16-mhz-pdip-40-atmega-32-16-dip-p45026.html? (opens in a new tab)\" href=\"https:\/\/www.reichelt.de\/mcu-atmega-avr-risc-32-kb-16-mhz-pdip-40-atmega-32-16-dip-p45026.html?\" target=\"_blank\">https:\/\/www.reichelt.de\/mcu-atmega-avr-risc-32-kb-16-mhz-pdip-40-atmega-32-16-dip-p45026.html?<\/a><\/li>\n<\/ul>\n<\/li>\n\n\n\n<li>Licht-Funktionsdecoder LFD-8-16-V1:\n<ul class=\"wp-block-list\">\n<li>ATMEGA 328P-PU:<br><a rel=\"noreferrer noopener\" aria-label=\"https:\/\/www.reichelt.de\/mcu-atmega-avr-risc-32-kb-20-mhz-pdip-28-atmega-328p-pu-p119685.html? (opens in a new tab)\" href=\"https:\/\/www.reichelt.de\/mcu-atmega-avr-risc-32-kb-20-mhz-pdip-28-atmega-328p-pu-p119685.html?\" target=\"_blank\">https:\/\/www.reichelt.de\/mcu-atmega-avr-risc-32-kb-20-mhz-pdip-28-atmega-328p-pu-p119685.html?<\/a><\/li>\n<\/ul>\n<\/li>\n<\/ul>\n\n\n\n<p><strong>Bei Interesse und\/oder Fragen bitte ich um Anfrage per E-Mail an:<\/strong><\/p>\n\n\n\n<ul class=\"wp-block-list\">\n<li><a href=\"mailto:sx-elektronik@schnorpstronik.de\">sx-elektronik@schnorpstronik.de<\/a><\/li>\n<\/ul>\n\n\n\n<p>Unterst\u00fctzung (Neudeutsch: &#8222;Support&#8220;) biete ich gern bevorzugt via <a href=\"http:\/\/forum.mec-arnsdorf.de\/viewforum.php?f=15\" target=\"_blank\" rel=\"noreferrer noopener\">Forum<\/a>&nbsp;des <a href=\"http:\/\/www.mec-arnsdorf.de\" target=\"_blank\" rel=\"noreferrer noopener\">MEC Arnsdorf<\/a>, oder auch per Mail oder Telefon. Kontaktdaten und ein Onlineformular gibt&#8217;s hier:&nbsp;<a href=\"https:\/\/www.schnorpstronik.de\/index.php\/kontakt\/\">Kontakt-Seite.<\/a><\/p>\n\n\n<div class=\"wp-block-image\">\n<figure class=\"alignright size-thumbnail\"><img loading=\"lazy\" decoding=\"async\" width=\"150\" height=\"150\" src=\"https:\/\/www.schnorpstronik.de\/wp-content\/uploads\/2015\/08\/soldering-805187-150x150.jpg\" alt=\"\" class=\"wp-image-150\"\/><\/figure>\n<\/div>\n\n\n<h2 class=\"wp-block-heading\">Referenzen<\/h2>\n\n\n\n<p>Im folgenden sind einige&nbsp;Anwender aufgelistet, welche die Selectrix-Selbstbauelektronik bereits erfolgreich einsetzen. Liste sicher nicht vollst\u00e4ndig \ud83d\ude09<\/p>\n\n\n\n<p><strong>Gro\u00dfanlagen:<\/strong><\/p>\n\n\n\n<ul class=\"wp-block-list\">\n<li><a href=\"http:\/\/www.miniaturelbtal.de\/\" target=\"_blank\" rel=\"noreferrer noopener\">Miniaturelbtal<\/a>\n<ul class=\"wp-block-list\">\n<li>Servodecoder SD-8-V2 im MuPo-Mode an 2 Wasserkr\u00e4nen im Bahnbetriebswerk Bad Schandau.<\/li>\n<\/ul>\n<\/li>\n\n\n\n<li><a href=\"http:\/\/www.museum-stveit.at\" target=\"_blank\" rel=\"noreferrer noopener\">Verkehrsmuseum St. Veit<\/a>\n<ul class=\"wp-block-list\">\n<li>SD-8-V2<\/li>\n<\/ul>\n<\/li>\n<\/ul>\n\n\n\n<p><strong>Vereine:<\/strong><\/p>\n\n\n\n<ul class=\"wp-block-list\">\n<li><a rel=\"noreferrer noopener\" href=\"http:\/\/www.mec-arnsdorf.de\/\" target=\"_blank\">Modelleisenbahnclub Arnsdorf e.V.<\/a>\n<ul class=\"wp-block-list\">\n<li>AZM-16-32-V1, GBM-8-V1, GBM-8-V2, LFD-8-16-V1, SD-8-V2, TEM-8-16-V1, VT-V2<\/li>\n\n\n\n<li>diverse Sondermodule mit Spezial-Firmware<\/li>\n\n\n\n<li>Die Vereinsanlage im MEC Arndorf ist quasi meine gro\u00dfe &#8222;Testanlage&#8220;, an der die einzelnen SX-Projekte (dauer-) getestet werden. <\/li>\n<\/ul>\n<\/li>\n\n\n\n<li><a rel=\"noreferrer noopener\" href=\"http:\/\/www.niemec.de\/\" target=\"_blank\">Nienburger Eisenbahn- und Modelleisenbahn-Club e. V.<\/a>\n<ul class=\"wp-block-list\">\n<li>AZM-16-32-V1, GBM-8-V1, FD-8-16-V1, LFD-8-16-V1, RE-V2, SD-8-V2, SD-8-V3, TEM-8-16, VT-V2<br>(bis ~07\/2017, Systemwechsel auf DCC) <\/li>\n<\/ul>\n<\/li>\n<\/ul>\n\n\n\n<p><strong>Private Anlagen:<\/strong><\/p>\n\n\n\n<ul class=\"wp-block-list\">\n<li>Berninabahn Modell (BBModell)\n<ul class=\"wp-block-list\">\n<li>SD-8-V2<\/li>\n<\/ul>\n<\/li>\n\n\n\n<li><a href=\"http:\/\/forum.spur-n-schweiz.ch\/thread.php?postid=74485#post74485\" target=\"_blank\" rel=\"noreferrer noopener\">Link zu Artikel im Spur-N-Forum Schweiz<\/a>\n<ul class=\"wp-block-list\">\n<li>SD-8-V2<\/li>\n<\/ul>\n<\/li>\n\n\n\n<li><a href=\"http:\/\/modellbahninn.jimdo.com\/\" target=\"_blank\" rel=\"noreferrer noopener\">Meine Modelleisenbahn in N (Link extern)<\/a>\n<ul class=\"wp-block-list\">\n<li>SD-8-V2 mit RE-V2 (<a href=\"http:\/\/modellbahninn.jimdo.com\/die-gleise\/\" target=\"_blank\" rel=\"noreferrer noopener\">Deeplink)<\/a><\/li>\n<\/ul>\n<\/li>\n\n\n\n<li>Weitere diverse Heimanlagen<\/li>\n<\/ul>\n\n\n<div class=\"wp-block-image\">\n<figure class=\"aligncenter size-large\"><img loading=\"lazy\" decoding=\"async\" width=\"320\" height=\"145\" src=\"https:\/\/www.schnorpstronik.de\/wp-content\/uploads\/2012\/05\/2012-05-09252021.13.43-1.png\" alt=\"2 Platinen des Funktionsdecoder \u201eFD-8-16-V1\u201c\" class=\"wp-image-1195\" srcset=\"https:\/\/www.schnorpstronik.de\/wp-content\/uploads\/2012\/05\/2012-05-09252021.13.43-1.png 320w, https:\/\/www.schnorpstronik.de\/wp-content\/uploads\/2012\/05\/2012-05-09252021.13.43-1-300x136.png 300w\" sizes=\"auto, (max-width: 320px) 100vw, 320px\" \/><figcaption class=\"wp-element-caption\">2 Platinen des Funktionsdecoder \u201eFD-8-16-V1\u201c<\/figcaption><\/figure>\n<\/div>","protected":false},"excerpt":{"rendered":"<p>Selbst ist der Modelleisenbahner! Auf den Seiten der Selectrix-Selbstbau-Elektronik&nbsp;sind alle n\u00f6tigen Informationen zu den verf\u00fcgbaren Projekten hinterlegt. Zu jedem Projekt sind folgende Daten verf\u00fcgbar: Dokumentation, Schaltplan, Best\u00fcckungsplan und Firmware als kompiliertes hex-File &#8211; alles in je einer zip-Datei. Hinweis: Da &hellip; <a href=\"https:\/\/www.schnorpstronik.de\/index.php\/selectrix-elektronik\/\">Weiter<\/a><\/p>\n","protected":false},"author":1,"featured_media":0,"parent":0,"menu_order":0,"comment_status":"closed","ping_status":"open","template":"page-fullwidth.php","meta":{"_themeisle_gutenberg_block_has_review":false,"footnotes":""},"class_list":["post-84","page","type-page","status-publish","hentry"],"_links":{"self":[{"href":"https:\/\/www.schnorpstronik.de\/index.php\/wp-json\/wp\/v2\/pages\/84","targetHints":{"allow":["GET"]}}],"collection":[{"href":"https:\/\/www.schnorpstronik.de\/index.php\/wp-json\/wp\/v2\/pages"}],"about":[{"href":"https:\/\/www.schnorpstronik.de\/index.php\/wp-json\/wp\/v2\/types\/page"}],"author":[{"embeddable":true,"href":"https:\/\/www.schnorpstronik.de\/index.php\/wp-json\/wp\/v2\/users\/1"}],"replies":[{"embeddable":true,"href":"https:\/\/www.schnorpstronik.de\/index.php\/wp-json\/wp\/v2\/comments?post=84"}],"version-history":[{"count":7,"href":"https:\/\/www.schnorpstronik.de\/index.php\/wp-json\/wp\/v2\/pages\/84\/revisions"}],"predecessor-version":[{"id":10753,"href":"https:\/\/www.schnorpstronik.de\/index.php\/wp-json\/wp\/v2\/pages\/84\/revisions\/10753"}],"wp:attachment":[{"href":"https:\/\/www.schnorpstronik.de\/index.php\/wp-json\/wp\/v2\/media?parent=84"}],"curies":[{"name":"wp","href":"https:\/\/api.w.org\/{rel}","templated":true}]}}