{"id":9494,"date":"2022-11-10T12:08:08","date_gmt":"2022-11-10T11:08:08","guid":{"rendered":"https:\/\/www.norbert-martsch.de\/?page_id=9494"},"modified":"2022-11-10T12:11:51","modified_gmt":"2022-11-10T11:11:51","slug":"nachruf-klaus-richter-der-modellbahn-berater","status":"publish","type":"page","link":"https:\/\/www.schnorpstronik.de\/index.php\/nachruf-klaus-richter-der-modellbahn-berater\/","title":{"rendered":"Nachruf Klaus Richter &#8222;Der Modellbahn-Berater&#8220;"},"content":{"rendered":"<div class=\"wp-block-image\">\n<figure class=\"alignright size-medium\"><a href=\"https:\/\/www.schnorpstronik.de\/wp-content\/uploads\/2022\/11\/Klaus_Richter_Eroeffnung_MESA-2007-06-30-3.jpg\"><img loading=\"lazy\" decoding=\"async\" width=\"230\" height=\"300\" src=\"https:\/\/www.schnorpstronik.de\/wp-content\/uploads\/2022\/11\/Klaus_Richter_Eroeffnung_MESA-2007-06-30-3-230x300.jpg\" alt=\"Klaus Richter, 1955-2022\" class=\"wp-image-9497\" srcset=\"https:\/\/www.schnorpstronik.de\/wp-content\/uploads\/2022\/11\/Klaus_Richter_Eroeffnung_MESA-2007-06-30-3-230x300.jpg 230w, https:\/\/www.schnorpstronik.de\/wp-content\/uploads\/2022\/11\/Klaus_Richter_Eroeffnung_MESA-2007-06-30-3-786x1024.jpg 786w, https:\/\/www.schnorpstronik.de\/wp-content\/uploads\/2022\/11\/Klaus_Richter_Eroeffnung_MESA-2007-06-30-3-768x1001.jpg 768w, https:\/\/www.schnorpstronik.de\/wp-content\/uploads\/2022\/11\/Klaus_Richter_Eroeffnung_MESA-2007-06-30-3-1178x1536.jpg 1178w, https:\/\/www.schnorpstronik.de\/wp-content\/uploads\/2022\/11\/Klaus_Richter_Eroeffnung_MESA-2007-06-30-3.jpg 1571w\" sizes=\"auto, (max-width: 230px) 100vw, 230px\" \/><\/a><figcaption class=\"wp-element-caption\">Klaus Richter bei der Er\u00f6ffnung seines Lebenswerks &#8222;Die Miniaturelbtalbahn&#8220;<\/figcaption><\/figure>\n<\/div>\n\n\n<p>Am 19.08.2022 ist leider v\u00f6llig unerwartet mein Modellbahnfreund Klaus Richter verstorben. Sein Engagement f\u00fcr Selectrix, seine Expertise hierf\u00fcr, sein Anspruch an vorbildgerechten Modellbahnbetrieb und seine Erfahrung als TrainController Consultant haben auch mein Hobby die ganze Zeit sehr positiv beeinflusst. Sein quasi Lebenswerk &#8222;Die Miniaturelbtalbahn&#8220;, auch &#8222;MESA&#8220; (MiniaturElbtalSchauAnlage) genannt, nun &#8222;Miniaturelbtal&#8220; war und ist stets ein beeindruckender Beweis f\u00fcr sein Wissen, sein K\u00f6nnen und sein Wirken. <br>Nachdem Klaus den Betrieb vom Miniaturelbtal 2020 an den Verein &#8222;Miniaturelbtal K\u00f6nigstein e. V.&#8220; \u00fcbergeben hatte, war er als TrainController Consultant und unter dem Namen &#8222;Der Modellbahnberater&#8220; weiter aktiv und stand mit Fachwissen und Hilfsbereitschaft den Modellbahnfreunden zur Verf\u00fcgung.<br>Mit Klaus ist viel zu fr\u00fch ein sehr gesch\u00e4tzter Modellbahnfreund gegangen, sein Wirken bleibt aber erhalten. Ruhe in Frieden lieber Klaus!<\/p>\n\n\n\n<p>Sein Lebenswerk lebt weiter:<br><a href=\"https:\/\/miniaturelbtal.de\" target=\"_blank\" rel=\"noreferrer noopener\">https:\/\/miniaturelbtal.de<\/a><\/p>\n\n\n<div class=\"wp-block-image\">\n<figure class=\"aligncenter size-large\"><a href=\"https:\/\/www.schnorpstronik.de\/wp-content\/uploads\/2022\/11\/Klaus_Richter_Eroeffnung_MESA-2007-06-30-2.jpg\"><img loading=\"lazy\" decoding=\"async\" width=\"1024\" height=\"431\" src=\"https:\/\/www.schnorpstronik.de\/wp-content\/uploads\/2022\/11\/Klaus_Richter_Eroeffnung_MESA-2007-06-30-2-1024x431.jpg\" alt=\"\" class=\"wp-image-9500\" srcset=\"https:\/\/www.schnorpstronik.de\/wp-content\/uploads\/2022\/11\/Klaus_Richter_Eroeffnung_MESA-2007-06-30-2-1024x431.jpg 1024w, https:\/\/www.schnorpstronik.de\/wp-content\/uploads\/2022\/11\/Klaus_Richter_Eroeffnung_MESA-2007-06-30-2-300x126.jpg 300w, https:\/\/www.schnorpstronik.de\/wp-content\/uploads\/2022\/11\/Klaus_Richter_Eroeffnung_MESA-2007-06-30-2-768x323.jpg 768w, https:\/\/www.schnorpstronik.de\/wp-content\/uploads\/2022\/11\/Klaus_Richter_Eroeffnung_MESA-2007-06-30-2-1536x647.jpg 1536w, https:\/\/www.schnorpstronik.de\/wp-content\/uploads\/2022\/11\/Klaus_Richter_Eroeffnung_MESA-2007-06-30-2.jpg 2048w\" sizes=\"auto, (max-width: 1024px) 100vw, 1024px\" \/><\/a><figcaption class=\"wp-element-caption\">Er\u00f6ffnungszug der Miniaturelbtalbahn am 30.06.2007<\/figcaption><\/figure>\n<\/div>\n\n<div class=\"wp-block-image\">\n<figure class=\"aligncenter size-large\"><a href=\"https:\/\/www.schnorpstronik.de\/wp-content\/uploads\/2022\/11\/Klaus_Richter_Screenshot_Homepage-2022-11-10.jpg\"><img loading=\"lazy\" decoding=\"async\" width=\"1024\" height=\"486\" src=\"https:\/\/www.schnorpstronik.de\/wp-content\/uploads\/2022\/11\/Klaus_Richter_Screenshot_Homepage-2022-11-10-1024x486.jpg\" alt=\"\" class=\"wp-image-9502\" srcset=\"https:\/\/www.schnorpstronik.de\/wp-content\/uploads\/2022\/11\/Klaus_Richter_Screenshot_Homepage-2022-11-10-1024x486.jpg 1024w, https:\/\/www.schnorpstronik.de\/wp-content\/uploads\/2022\/11\/Klaus_Richter_Screenshot_Homepage-2022-11-10-300x142.jpg 300w, https:\/\/www.schnorpstronik.de\/wp-content\/uploads\/2022\/11\/Klaus_Richter_Screenshot_Homepage-2022-11-10-768x364.jpg 768w, https:\/\/www.schnorpstronik.de\/wp-content\/uploads\/2022\/11\/Klaus_Richter_Screenshot_Homepage-2022-11-10-1536x729.jpg 1536w, https:\/\/www.schnorpstronik.de\/wp-content\/uploads\/2022\/11\/Klaus_Richter_Screenshot_Homepage-2022-11-10.jpg 1893w\" sizes=\"auto, (max-width: 1024px) 100vw, 1024px\" \/><\/a><figcaption class=\"wp-element-caption\">Klaus Richter als &#8222;Der Modellbahn-Berater&#8220;<\/figcaption><\/figure>\n<\/div>\n\n<div class=\"wp-block-image\">\n<figure class=\"aligncenter size-full\"><a href=\"https:\/\/www.schnorpstronik.de\/wp-content\/uploads\/2022\/11\/Klaus_Richter_Traueranzeige-2022-08-19.png\"><img loading=\"lazy\" decoding=\"async\" width=\"600\" height=\"388\" src=\"https:\/\/www.schnorpstronik.de\/wp-content\/uploads\/2022\/11\/Klaus_Richter_Traueranzeige-2022-08-19.png\" alt=\"\" class=\"wp-image-9499\" srcset=\"https:\/\/www.schnorpstronik.de\/wp-content\/uploads\/2022\/11\/Klaus_Richter_Traueranzeige-2022-08-19.png 600w, https:\/\/www.schnorpstronik.de\/wp-content\/uploads\/2022\/11\/Klaus_Richter_Traueranzeige-2022-08-19-300x194.png 300w\" sizes=\"auto, (max-width: 600px) 100vw, 600px\" \/><\/a><figcaption class=\"wp-element-caption\">Traueranzeige<\/figcaption><\/figure>\n<\/div>","protected":false},"excerpt":{"rendered":"<p>Am 19.08.2022 ist leider v\u00f6llig unerwartet mein Modellbahnfreund Klaus Richter verstorben. Sein Engagement f\u00fcr Selectrix, seine Expertise hierf\u00fcr, sein Anspruch an vorbildgerechten Modellbahnbetrieb und seine Erfahrung als TrainController Consultant haben auch mein Hobby die ganze Zeit sehr positiv beeinflusst. Sein &hellip; <a href=\"https:\/\/www.schnorpstronik.de\/index.php\/nachruf-klaus-richter-der-modellbahn-berater\/\">Weiter<\/a><\/p>\n","protected":false},"author":1,"featured_media":9497,"parent":0,"menu_order":0,"comment_status":"open","ping_status":"closed","template":"page-fullwidth.php","meta":{"_themeisle_gutenberg_block_has_review":false,"footnotes":""},"class_list":["post-9494","page","type-page","status-publish","has-post-thumbnail","hentry"],"_links":{"self":[{"href":"https:\/\/www.schnorpstronik.de\/index.php\/wp-json\/wp\/v2\/pages\/9494","targetHints":{"allow":["GET"]}}],"collection":[{"href":"https:\/\/www.schnorpstronik.de\/index.php\/wp-json\/wp\/v2\/pages"}],"about":[{"href":"https:\/\/www.schnorpstronik.de\/index.php\/wp-json\/wp\/v2\/types\/page"}],"author":[{"embeddable":true,"href":"https:\/\/www.schnorpstronik.de\/index.php\/wp-json\/wp\/v2\/users\/1"}],"replies":[{"embeddable":true,"href":"https:\/\/www.schnorpstronik.de\/index.php\/wp-json\/wp\/v2\/comments?post=9494"}],"version-history":[{"count":0,"href":"https:\/\/www.schnorpstronik.de\/index.php\/wp-json\/wp\/v2\/pages\/9494\/revisions"}],"wp:featuredmedia":[{"embeddable":true,"href":"https:\/\/www.schnorpstronik.de\/index.php\/wp-json\/wp\/v2\/media\/9497"}],"wp:attachment":[{"href":"https:\/\/www.schnorpstronik.de\/index.php\/wp-json\/wp\/v2\/media?parent=9494"}],"curies":[{"name":"wp","href":"https:\/\/api.w.org\/{rel}","templated":true}]}}